{"id":84,"date":"2012-10-26T06:40:41","date_gmt":"2012-10-26T06:40:41","guid":{"rendered":"http:\/\/gam.webs.upv.es\/?page_id=84"},"modified":"2024-01-29T14:22:22","modified_gmt":"2024-01-29T14:22:22","slug":"proyectos","status":"publish","type":"page","link":"https:\/\/gam.webs.upv.es\/index.php\/proyectos\/?lang=en","title":{"rendered":"Projects"},"content":{"rendered":"<p><strong>Current Projects<\/strong><\/p>\n<table class=\"aligncenter\" style=\"width: 900px;\" border=\"0\" align=\"center\">\n<tbody>\n<tr style=\"background-color: #f5f5f5;\">\n<td style=\"width: 140px;\"><strong>Financing<\/strong><\/td>\n<td style=\"width: 550px;\"><strong>Title<\/strong><\/td>\n<td style=\"width: 210px;\"><strong>Principal investigator<\/strong><\/td>\n<\/tr>\n<tr style=\"background-color: #d3d3d3;\">\n<td style=\"width: 140px;\">Public &#8211; Regional<\/td>\n<td style=\"width: 550px;\"><a title= \"High-performance computational mini-satellite platform for EDGE-AI Applications from space\" href=\"https:\/\/gam.webs.upv.es\/index.php\/proyectos\/proyectos-vigentes\/mini-plataforma-de-satelite-de-altas-prestaciones-computacionales-para-aplicaciones-de-inteligencia-artificial-en-el-borde-edge-ai-desde-el-espacio\/?lang=en\"> High-performance computational mini-satellite platform for EDGE-AI Applications from space<\/a><\/td>\n<td style=\"width: 210px;\">Dr. Vicente E. Boria Esbert<\/td>\n<\/tr>\n<tr>\n<td style=\"width: 140px;\">Public &#8211; National<\/td>\n<td style=\"width: 550px;\"><a title=\" Design, integration, verification, launch and operations of a CubeSat for Astrophysics and Earth Observation Applications (POLITECH-1)\" href=\"https:\/\/gam.webs.upv.es\/index.php\/proyectos\/proyectos-vigentes\/diseno-integracion-verificacion-lanzamiento-y-operaciones-de-un-cubesat-para-aplicaciones-de-astrofisica-y-observacion-de-la-tierra-politech-1design-integration-verification-launch-and-operati\/?lang=en\"> Design, integration, verification, launch and operations of a CubeSat for Astrophysics and Earth Observation Applications (POLITECH-1)<\/a><\/td>\n<td style=\"width: 210px;\">Dr. Vicente E. Boria Esbert<\/td>\n<\/tr>\n<tr style=\"background-color: #d3d3d3;\">\n<td style=\"width: 140px;\">Public &#8211; National<\/td>\n<td style=\"width: 550px;\"><a title=\" Technological Demonstrator of New Radio Links between Small Satellites and Earth Stations for Advanced Digital Applications (CHILD-SAT)\" href=\"https:\/\/gam.webs.upv.es\/index.php\/proyectos\/proyectos-vigentes\/demostrador-tecnologico-de-nuevos-radioenlaces-entre-pequenos-satelits-y-estaciones-terrestres-para-aplicaciones-digitales-avanzadas-child-sattechnological-demonstrator-of-new-radio-links-between-sa\/?lang=en\"> Technological Demonstrator of New Radio Links between Small Satellites and Earth Stations for Advanced Digital Applications (CHILD-SAT)<\/a><\/td>\n<td style=\"width: 210px;\">Dr. Vicente E. Boria Esbert<\/td>\n<\/tr>\n<tr>\n<td style=\"width: 140px;\">Public &#8211; Regional<\/td>\n<td style=\"width: 550px;\"><a title=\"DEVELOPMENT OF HIGH-FREQUENCY COMMUNICATIONS DEVICES USING ADVANCED ADDITIVE MANUFACTURING AND PLATING TECHNOLOGIES (CAFTAM)\" href=\"https:\/\/gam.webs.upv.es\/index.php\/proyectos\/proyectos-vigentes\/caftam\/?lang=en\">DEVELOPMENT OF HIGH-FREQUENCY COMMUNICATIONS DEVICES USING ADVANCED ADDITIVE MANUFACTURING AND PLATING TECHNOLOGIES (CAFTAM)<\/a><\/td>\n<td style=\"width: 210px;\">Dr. Carmen Bachiller<\/td>\n<\/tr>\n<tr style=\"background-color: #d3d3d3;\">\n<td style=\"width: 140px;\">Public &#8211; National<\/td>\n<td style=\"width: 550px;\"><a title=\"Advancing on Waveguide Technologies for Near-Future Satellite Communication Equipment (ADWASAT)\" href=\"https:\/\/gam.webs.upv.es\/index.php\/proyectos\/proyectos-vigentes\/adwasat\/?lang=en\">Advancing on Waveguide Technologies for Near-Future Satellite Communication Equipment (ADWASAT)<\/a><\/td>\n<td style=\"width: 210px;\">Dr. Vicente E. Boria Esbert<\/td>\n<\/tr>\n<td style=\"width: 140px;\">Public &#8211; Regional<\/td>\n<td style=\"width: 550px;\"><a title=\"Future Research on Emerging High-Frequency Technologies for Next-Generation Satellite Communication Systems (FURTHER-SAT)\" href=\"https:\/\/gam.webs.upv.es\/index.php\/proyectos\/proyectos-vigentes\/further-sat\/?lang=en\">Future Research on Emerging High-Frequency Technologies for Next-Generation Satellite Communication Systems (FURTHER-SAT)<\/a><\/td>\n<td style=\"width: 210px;\">Dr. Vicente E. Boria Esbert<\/td>\n<\/tr>\n<\/tbody>\n<\/table>\n<p><strong>Completed Projects<\/strong><\/p>\n<table class=\"aligncenter\" style=\"width: 900px;\" border=\"0\" align=\"center\">\n<tbody>\n<tr style=\"background-color: #f5f5f5;\">\n<td><strong>Financing<\/strong><\/td>\n<td style=\"width: 550px;\"><strong>Title<\/strong><\/td>\n<td><strong>Principal investigator<\/strong><\/td>\n<\/tr>\n<tr style=\"background-color: #d3d3d3;\">\n<td>Public &#8211; Regional<\/td>\n<td><a title=\"VALORIZATION OF A 3D FABRICATION METHOD, METALLIZATION AND INTEGRATION OF HIGH-FREQUENCY DEVICES\" href=https:\/\/gam.webs.upv.es\/index.php\/proyectos\/proyectos-finalizados\/alfrec3d\/?lang=en\">VALORIZATION OF A 3D FABRICATION METHOD, METALLIZATION AND INTEGRATION OF HIGH-FREQUENCY DEVICES<\/p>\n<td>Dr. Carmen Bachiller<\/td>\n<\/tr>\n<tr>\n<td style=\"width: 140px;\">Public &#8211; National<\/td>\n<td style=\"width: 550px;\"><a title=\"Advanced design of new high frequency components in compact waveguide technologies for future telecommunications satellites (GUIDESAT)\" href=\"https:\/\/gam.webs.upv.es\/index.php\/proyectos\/proyectos-vigentes\/diseno-avanzado-de-nuevos-componentes-de-alta-frecuencia-en-tecnologias-de-guia-de-onda-compacta-para-futuros-satelites-de-telecomunicaciones-guidesat\/?lang=en\">Advanced design of new high frequency components in compact waveguide technologies for future telecommunications satellites (GUIDESAT)<\/a><\/td>\n<td style=\"width: 210px;\">Dr. Vicente E. Boria Esbert<\/td>\n<\/tr>\n<tr style=\"background-color: #d3d3d3;\">\n<td style=\"width: 140px;\">Public &#8211; European Commission<\/td>\n<td style=\"width: 550px;\"><a title=\"Advanced Technologies for future european satellite applications (TESLA)\" href=\"https:\/\/gam.webs.upv.es\/index.php\/proyectos\/proyectos-vigentes\/tecnologias-avanzadas-para-las-futuras-aplicaciones-europeas-de-satelites-tesla\/?lang=en\">Advanced Technologies for future european satellite applications (TESLA)<\/a><\/td>\n<td style=\"width: 210px;\">Dr. Vicente E. Boria Esbert<\/td>\n<\/tr>\n<tr>\n<td style=\"width: 140px;\">Public &#8211; Regional<\/td>\n<td style=\"width: 550px;\"><a title=\"Advanced Technological Demonstrators for Emerging and Inclusive Space Applications in the Microwave and Millimeter Wave Bands (SPADE-VLC)\" href=\"https:\/\/gam.webs.upv.es\/index.php\/proyectos\/proyectos-finalizados\/demostradores-tecnologicos-avanzados-para-aplicaciones-espaciales-emergentes-e-inclusivas-en-las-bandas-de-microondas-y-ondas-milimetricas-spade-vlc\/?lang=en\">Advanced Technological Demonstrators for Emerging and Inclusive Space Applications in the Microwave and Millimeter Wave Bands (SPADE-VLC)<\/a><\/td>\n<td style=\"width: 210px;\">Dr. Vicente E. Boria Esbert<\/td>\n<\/tr>\n<tr style=\"background-color: #d3d3d3;\">\n<td style=\"width: 140px;\">Public &#8211; European Commission<\/td>\n<td style=\"width: 550px;\"><a title=\"SMT compatible electromechanical relay for compact redundancy ring (SELECTOR)\" href=\"https:\/\/gam.webs.upv.es\/index.php\/proyectos\/proyectos-finalizados\/rele-electromecanico-smt-compatible-para-anillo-de-redundancia-compacto-selector\/?lang=en\">SMT compatible electromechanical relay for compact redundancy ring (SELECTOR)<\/a><\/td>\n<td style=\"width: 210px;\">Dr. Vicente E. Boria Esbert<\/td>\n<\/tr>\n<tr>\n<td style=\"width: 140px;\">Public &#8211; European<\/td>\n<td style=\"width: 550px;\"><a title=\"Efficient Synthesis and Design of Reconfigurable MEMS-based Band-Pass Filters in SIW Technology (SIWTUNE)\" href=\"http:\/\/gam.webs.upv.es\/index.php\/proyectos\/proyectos-finalizados\/efficient-synthesis-and-design-of-reconfigurable-mems-based-band-pass-filters-in-siw-technology-siwtune\/?lang=en\">Efficient Synthesis and Design of Reconfigurable MEMS-based Band-Pass Filters in SIW Technology (SIWTUNE)<\/a><\/td>\n<td>Dr. Vicente E. Boria Esbert<\/td>\n<\/tr>\n<tr style=\"background-color: #d3d3d3;\">\n<td>Public &#8211; National<\/td>\n<td><a title=\"Desarrollo Tecnol\u00f3gico Avanzado de Dispositivos Pasivos en Tecnolog\u00eda Guiada para Cargas \u00datiles de Sat\u00e9lites\" href=\"http:\/\/gam.webs.upv.es\/index.php\/lineas-de-investigacion\/desarrollo-tecnologico-avanzado-de-dispositivos-pasivos-en-tecnologia-guiada-para-cargas-utiles-de-satelites\/?lang=en\">Desarrollo Tecnol\u00f3gico Avanzado de Dispositivos Pasivos en Tecnolog\u00eda Guiada para Cargas \u00datiles de Sat\u00e9lites<\/a><\/td>\n<td>Dr. Vicente E. Boria Esbert<\/td>\n<\/tr>\n<tr>\n<td>Public &#8211; National<\/td>\n<td><a title=\"Engineering Metamaterials\" href=\"http:\/\/gam.webs.upv.es\/index.php\/proyectos\/proyectos-finalizados\/engineering-metamaterials\/?lang=en\">Engineering Metamaterials<\/a><\/td>\n<td>Dr. Vicente E. Boria Esbert<\/td>\n<\/tr>\n<tr style=\"background-color: #d3d3d3;\">\n<td>Public &#8211; Regional<\/td>\n<td><a title=\"Aplicaciones y Tecnolog\u00edas Espaciales en la Comunidad Valenciana (SPACE-CV)\" href=\"http:\/\/gam.webs.upv.es\/index.php\/proyectos\/proyectos-finalizados\/aplicaciones-y-tecnologias-espaciales-en-la-comunidad-valenciana-space-cv\/?lang=en\">Aplicaciones y Tecnolog\u00edas Espaciales en la Comunidad Valenciana (SPACE-CV)<\/a><\/td>\n<td>Dr. Vicente E. Boria Esbert<\/td>\n<\/tr>\n<tr>\n<td>Public &#8211; Regional<\/td>\n<td><a title=\"Avances Tecnol\u00f3gicos en Circuitos de Microondas y Antenas para Sistemas de Comunicaciones Espaciales (TECNOSAT)\" href=\"http:\/\/gam.webs.upv.es\/index.php\/proyectos\/proyectos-finalizados\/avances-tecnologicos-en-circuitos-de-microondas-y-antenas-para-sistemas-de-comunicaciones-espaciales-tecnosat\/?lang=en\">Avances Tecnol\u00f3gicos en Circuitos de Microondas y Antenas para Sistemas de Comunicaciones Espaciales (TECNOSAT)<\/a><\/td>\n<td>Dr. Vicente E. Boria Esbert<\/td>\n<\/tr>\n<tr style=\"background-color: #d3d3d3;\">\n<td>Private &#8211; European<\/td>\n<td><a title=\"Evaluation and Validation of Electromagnetic Software, Test Facilities and Test Standard in Europe to Predict and Test RF Breakdown and Passive Intermodulation\" href=\"http:\/\/gam.webs.upv.es\/index.php\/proyectos\/proyectos-finalizados\/evaluation-and-validation-of-electromagnetic-software-test-facilities-and-test-standard-in-europe-to-predict-and-test-rf-breakdown-and-passive-intermodulation\/?lang=en\">Evaluation and Validation of Electromagnetic Software, Test Facilities and Test Standard in Europe to Predict and Test RF Breakdown and Passive Intermodulation<\/a><\/td>\n<td>Dr. Vicente E. Boria Esbert<\/td>\n<\/tr>\n<tr>\n<td>Private &#8211; Regional<\/td>\n<td><a title=\"Investigaci\u00f3n y Desarrollo de una Herramienta CAD para la S\u00edntesis de Circuitos de Comunicaciones Compactos y de Altas Prestaciones basados en Metamateriales\" href=\"http:\/\/gam.webs.upv.es\/index.php\/proyectos\/proyectos-finalizados\/investigacion-y-desarrollo-de-una-herramienta-cad-para-la-sintesis-de-circuitos-de-comunicaciones-compactos-y-de-altas-prestaciones-basados-en-metamateriales\/?lang=en\">Investigaci\u00f3n y Desarrollo de una Herramienta CAD para la S\u00edntesis de Circuitos de Comunicaciones Compactos y de Altas Prestaciones basados en Metamateriales<\/a><\/td>\n<td>Dr. Vicente E. Boria Esbert<\/td>\n<\/tr>\n<tr style=\"background-color: #d3d3d3;\">\n<td style=\"width: 140px;\">Public &#8211; European<\/td>\n<td><a title=\"Nanogaps Sensors and Resonators (NanoSAR)\" href=\"http:\/\/gam.webs.upv.es\/index.php\/proyectos\/proyectos-finalizados\/nanogaps-sensors-and-resonators-nanosar\/?lang=en\">Nanogaps Sensors and Resonators (NanoSAR)<\/a><\/td>\n<td>Dr. Vicente E. Boria Esbert<\/td>\n<\/tr>\n<tr>\n<td>Public &#8211; European<\/td>\n<td><a title=\"Modelling and Analysis of Dielectric Resonators for Microwave Applications (MADREMIA)\" href=\"http:\/\/gam.webs.upv.es\/index.php\/proyectos\/proyectos-finalizados\/modelling-and-analysis-of-dielectric-resonators-for-microwave-applications-madremia\/?lang=en\">Modelling and Analysis of Dielectric Resonators for Microwave Applications (MADREMIA)<\/a><\/td>\n<td>Dr. Vicente E. Boria Esbert<\/td>\n<\/tr>\n<tr style=\"background-color: #d3d3d3;\">\n<td>Public &#8211; European<\/td>\n<td><a title=\"Millimetre-wave and Microwave Components Design Framework for Ground and Space Multimedia Network\" href=\"http:\/\/gam.webs.upv.es\/index.php\/proyectos\/proyectos-finalizados\/millimetre-wave-and-microwave-components-design-framework-for-ground-and-space-multimedia-network\/?lang=en\">Millimetre-wave and Microwave Components Design Framework for Ground and Space Multimedia Network<\/a><\/td>\n<td>Dr. Vicente E. Boria Esbert<\/td>\n<\/tr>\n<tr>\n<td>Public &#8211; National<\/td>\n<td><a title=\"Dise\u00f1o Eficiente de Dispositivos Pasivos de RF para Comunicaciones Espaciales mediante Nuevos Algoritmos de An\u00e1lisis Electromagn\u00e9tico Paralelizados\" href=\"http:\/\/gam.webs.upv.es\/index.php\/proyectos\/proyectos-finalizados\/diseno-eficiente-de-dispositivos-pasivos-de-rf-para-comunicaciones-espaciales-mediante-nuevos-algoritmos-de-analisis-electromagnetico-paralelizados\/?lang=en\">Dise\u00f1o Eficiente de Dispositivos Pasivos de RF para Comunicaciones Espaciales mediante Nuevos Algoritmos de An\u00e1lisis Electromagn\u00e9tico Paralelizados<\/a><\/td>\n<td>Dr. Vicente E. Boria Esbert<\/td>\n<\/tr>\n<tr style=\"background-color: #d3d3d3;\">\n<td>Public &#8211; National<\/td>\n<td><a title=\"Nuevas Topolog\u00edas Compactas de Filtros y Multiplexores en Gu\u00eda de Onda para Aplicaciones Espaciales\" href=\"http:\/\/gam.webs.upv.es\/index.php\/proyectos\/proyectos-finalizados\/nuevas-topologias-compactas-de-filtros-y-multiplexores-en-guia-de-onda-para-aplicaciones-espaciales\/?lang=en\">Nuevas Topolog\u00edas Compactas de Filtros y Multiplexores en Gu\u00eda de Onda para Aplicaciones Espaciales<\/a><\/td>\n<td>Dr. Vicente E. Boria Esbert<\/td>\n<\/tr>\n<tr>\n<td>Public &#8211; National<\/td>\n<td><a title=\"An\u00e1lisis y Dise\u00f1o Automatizado de Nuevos Componentes Pasivos en Tecnolog\u00edas Guiada y Micro-Electro-Mec\u00e1nica con Materiales Diel\u00e9ctricos y Peri\u00f3dicos mediante T\u00e9cnicas H\u00edbridas\" href=\"http:\/\/gam.webs.upv.es\/index.php\/proyectos\/proyectos-finalizados\/analisis-y-diseno-automatizado-de-nuevos-componentes-pasivos-en-tecnologias-guiada-y-micro-electro-mecanica-con-materiales-dielectricos-y-periodicos-mediante-tecnicas-hibridas\/?lang=en\">An\u00e1lisis y Dise\u00f1o Automatizado de Nuevos Componentes Pasivos en Tecnolog\u00edas Guiada y Micro-Electro-Mec\u00e1nica con Materiales Diel\u00e9ctricos y Peri\u00f3dicos mediante T\u00e9cnicas H\u00edbridas<\/a><\/td>\n<td>Dr. Vicente E. Boria Esbert<\/td>\n<\/tr>\n<tr style=\"background-color: #d3d3d3;\">\n<td>Public &#8211; National<\/td>\n<td><a title=\"Caracterizaci\u00f3n Modal de Gu\u00edas de Secci\u00f3n Transversal Arbitraria para An\u00e1lisis y Dise\u00f1o de Dispositivos Pasivos de Microondas empleados en el Sector Espacio\" href=\"http:\/\/gam.webs.upv.es\/index.php\/proyectos\/proyectos-finalizados\/caracterizacion-modal-de-guias-de-seccion-transversal\/?lang=en\">Caracterizaci\u00f3n Modal de Gu\u00edas de Secci\u00f3n Transversal Arbitraria para An\u00e1lisis y Dise\u00f1o de Dispositivos Pasivos de Microondas empleados en el Sector Espacio<\/a><\/td>\n<td>Dr. Vicente E. Boria Esbert<\/td>\n<\/tr>\n<tr>\n<td>Public &#8211; National<\/td>\n<td><a title=\"An\u00e1lisis y Dise\u00f1o de Componentes Pasivos de Microondas y Milim\u00e9tricas en Gu\u00edaonda\" href=\"http:\/\/gam.webs.upv.es\/index.php\/proyectos\/proyectos-finalizados\/analisis-y-diseno-de-componentes-pasivos-de-microondas-y-milimetricas-en-guiaonda\/?lang=en\">An\u00e1lisis y Dise\u00f1o de Componentes Pasivos de Microondas y Milim\u00e9tricas en Gu\u00edaonda<\/a><\/td>\n<td>Dr. Vicente E. Boria Esbert<\/td>\n<\/tr>\n<tr style=\"background-color: #d3d3d3;\">\n<td>Public &#8211; Regional<\/td>\n<td><a title=\"Predicci\u00f3n de Efectos de Descarga (Multipactor) en Componentes Pasivos de Microondas y Aplicaci\u00f3n al Dise\u00f1o de Filtros \u00d3ptimos para Sistemas Espaciales\" href=\"http:\/\/gam.webs.upv.es\/index.php\/proyectos\/proyectos-finalizados\/prediccion-de-efectos-de-descarga-multipactor-en-componentes-pasivos-de-microondas-y-aplicacion-al-diseno-de-filtros-optimos-para-sistemas-espaciales\/?lang=en\">Predicci\u00f3n de Efectos de Descarga (Multipactor) en Componentes Pasivos de Microondas y Aplicaci\u00f3n al Dise\u00f1o de Filtros \u00d3ptimos para Sistemas Espaciales<\/a><\/td>\n<td>Dr. Vicente E. Boria Esbert<\/td>\n<\/tr>\n<tr>\n<td>Public &#8211; Regional<\/td>\n<td><a title=\"An\u00e1lisis y Dise\u00f1o Eficiente de Filtros con Resonadores Diel\u00e9ctricos para Comunicaciones Espaciales\" href=\"http:\/\/gam.webs.upv.es\/index.php\/proyectos\/proyectos-finalizados\/analisis-y-diseno-eficiente-de-filtros-con-resonadores-dielectricos-para-comunicaciones-espaciales\/?lang=en\">An\u00e1lisis y Dise\u00f1o Eficiente de Filtros con Resonadores Diel\u00e9ctricos para Comunicaciones Espaciales<\/a><\/td>\n<td>Dr. Vicente E. Boria Esbert<\/td>\n<\/tr>\n<tr style=\"background-color: #d3d3d3;\">\n<td>Public &#8211; Regional<\/td>\n<td><a title=\"Dise\u00f1o Optimizado de Circuitos Pasivos de Alta Frecuencia basados en Nuevos Materiales mediante Mapeo Espacial y Redes Neuronales\" href=\"http:\/\/gam.webs.upv.es\/index.php\/proyectos\/proyectos-finalizados\/diseno-optimizado-de-circuitos-pasivos-de-alta-frecuencia-basados-en-nuevos-materiales-mediante-mapeo-espacial-y-redes-neuronales\/?lang=en\">Dise\u00f1o Optimizado de Circuitos Pasivos de Alta Frecuencia basados en Nuevos Materiales mediante Mapeo Espacial y Redes Neuronales<\/a><\/td>\n<td>Dr. Vicente E. Boria Esbert<\/td>\n<\/tr>\n<tr>\n<td>Public &#8211; Regional<\/td>\n<td><a title=\"An\u00e1lisis y Dise\u00f1o Optimizado de Dispositivos Pasivos de Microondas con Excitaci\u00f3n Coaxial\" href=\"http:\/\/gam.webs.upv.es\/index.php\/proyectos\/proyectos-finalizados\/analisis-y-diseno-optimizado-de-dispositivos-pasivos-de-microondas-con-excitacion-coaxial\/?lang=en\">An\u00e1lisis y Dise\u00f1o Optimizado de Dispositivos Pasivos de Microondas con Excitaci\u00f3n Coaxial<\/a><\/td>\n<td>Dr. Vicente E. Boria Esbert<\/td>\n<\/tr>\n<tr style=\"background-color: #d3d3d3;\">\n<td>Public &#8211; Regional<\/td>\n<td><a title=\"Dise\u00f1o Eficiente y Optimizado de Estructuras Pasivas de Microondas\" href=\"http:\/\/gam.webs.upv.es\/index.php\/proyectos\/proyectos-finalizados\/diseno-eficiente-y-optimizado-de-estructuras-pasivas-de-microondas\/?lang=en\">Dise\u00f1o Eficiente y Optimizado de Estructuras Pasivas de Microondas<\/a><\/td>\n<td>Dr. Vicente E. Boria Esbert<\/td>\n<\/tr>\n<tr>\n<td>Public &#8211; Regional<\/td>\n<td><a title=\"Dise\u00f1o Eficiente de Dispositivos Pasivos de RF para Comunicaciones Espaciales mediante Nuevos Algoritmos de An\u00e1lisis Electromagn\u00e9tico Paralelizados\" href=\"http:\/\/gam.webs.upv.es\/index.php\/proyectos\/proyectos-finalizados\/diseno-eficiente-de-dispositivos-pasivos-de-rf-para-comunicaciones-espaciales-mediante-nuevos-algoritmos-de-analisis-electromagnetico-paralelizados-2\/?lang=en\">Dise\u00f1o Eficiente de Dispositivos Pasivos de RF para Comunicaciones Espaciales mediante Nuevos Algoritmos de An\u00e1lisis Electromagn\u00e9tico Paralelizados<\/a><\/td>\n<td>Dr. Vicente E. Boria Esbert<\/td>\n<\/tr>\n<tr style=\"background-color: #d3d3d3;\">\n<td>Private &#8211; National<\/td>\n<td><a title=\"Estudio y Dise\u00f1o de un Conmutador y Varactor RF MEMS Aplicado a Circuitos Activos de Microondas\" href=\"http:\/\/gam.webs.upv.es\/index.php\/proyectos\/proyectos-finalizados\/estudio-y-diseno-de-un-conmutador-y-varactor-rf-mems-aplicado-a-circuitos-activos-de-microondas\/?lang=en\">Estudio y Dise\u00f1o de un Conmutador y Varactor RF MEMS Aplicado a Circuitos Activos de Microondas<\/a><\/td>\n<td>Dr. Vicente E. Boria Esbert<\/td>\n<\/tr>\n<tr>\n<td>Private &#8211; Regional<\/td>\n<td><a title=\"Herramientas CAD para el Dise\u00f1o y Desarrollo de Nuevos Equipos de Comunicaciones por Sat\u00e9lite\" href=\"http:\/\/gam.webs.upv.es\/index.php\/proyectos\/proyectos-finalizados\/herramientas-cad-para-el-diseno-y-desarrollo-de-nuevos-equipos-de-comunicaciones-por-satelite\/?lang=en\">Herramientas CAD para el Dise\u00f1o y Desarrollo de Nuevos Equipos de Comunicaciones por Sat\u00e9lite<\/a><\/td>\n<td>Dr. Vicente E. Boria Esbert<\/td>\n<\/tr>\n<tr style=\"background-color: #d3d3d3;\">\n<td>Private &#8211; Regional<\/td>\n<td><a title=\"S-Band PIM Test-Bed Design\" href=\"http:\/\/gam.webs.upv.es\/index.php\/proyectos\/proyectos-finalizados\/s-band-pim-test-bed-design\/?lang=en\">S-Band PIM Test-Bed Design<\/a><\/td>\n<td>Dr. Vicente E. Boria Esbert<\/td>\n<\/tr>\n<tr>\n<td>Private &#8211; Regional<\/td>\n<td><a title=\"An\u00e1lisis Electromagn\u00e9tico de Cavidades Rectangulares con Apertura Multipuerto\" href=\"http:\/\/gam.webs.upv.es\/index.php\/proyectos\/proyectos-finalizados\/analisis-electromagnetico-de-cavidades-rectangulares-con-apertura-multipuerto\/?lang=en\">An\u00e1lisis Electromagn\u00e9tico de Cavidades Rectangulares con Apertura Multipuerto<\/a><\/td>\n<td>Dr. Vicente E. Boria Esbert<\/td>\n<\/tr>\n<tr style=\"background-color: #d3d3d3;\">\n<td>Private &#8211; Regional<\/td>\n<td><a title=\"Computaci\u00f3n de los Campos Electromagn\u00e9ticos de Dispositivos RF en Gu\u00eda-onda con Geometr\u00eda Arbitraria\" href=\"http:\/\/gam.webs.upv.es\/index.php\/proyectos\/proyectos-finalizados\/computacion-de-los-campos-electromagneticos-de-dispositivos-rf-en-guia-onda-con-geometria-arbitraria\/?lang=en\">Computaci\u00f3n de los Campos Electromagn\u00e9ticos de Dispositivos RF en Gu\u00eda-onda con Geometr\u00eda Arbitraria<\/a><\/td>\n<td>Dr. Vicente E. Boria Esbert<\/td>\n<\/tr>\n<tr>\n<td>Private &#8211; Regional<\/td>\n<td><a title=\"RF Breakdown in Multicarrier Systems\" href=\"http:\/\/gam.webs.upv.es\/index.php\/proyectos\/proyectos-finalizados\/rf-breakdown-in-multicarrier-systems\/?lang=en\">RF Breakdown in Multicarrier Systems<\/a><\/td>\n<td>Dr. Vicente E. Boria Esbert<\/td>\n<\/tr>\n<tr style=\"background-color: #d3d3d3;\">\n<td>Private &#8211; Regional<\/td>\n<td><a title=\"Desarrollo de Herramientas Inform\u00e1ticas para Predecir el Efecto Multipactor en Gu\u00edas Coaxiales de Comunicaci\u00f3n Espacial por Sat\u00e9lite\" href=\"http:\/\/gam.webs.upv.es\/index.php\/proyectos\/proyectos-finalizados\/desarrollo-de-herramientas-informaticas-para-predecir-el-efecto-multipactor-en-guias-coaxiales-de-comunicacion-espacial-por-satelite\/?lang=en\">Desarrollo de Herramientas Inform\u00e1ticas para Predecir el Efecto Multipactor en Gu\u00edas Coaxiales de Comunicaci\u00f3n Espacial por Sat\u00e9lite<\/a><\/td>\n<td>Dr. Vicente E. Boria Esbert<\/td>\n<\/tr>\n<tr>\n<td>Private &#8211; National<\/td>\n<td><a title=\"Herramienta de An\u00e1lisis y Dise\u00f1o de Filtros en Tecnolog\u00eda Guiada con Resonadores en Configuraci\u00f3n Comb-Line\" href=\"http:\/\/gam.webs.upv.es\/index.php\/proyectos\/proyectos-finalizados\/herramienta-de-analisis-y-diseno-de-filtros-en-tecnologia-guiada-con-resonadores-en-configuracion-comb-line\/?lang=en\">Herramienta de An\u00e1lisis y Dise\u00f1o de Filtros en Tecnolog\u00eda Guiada con Resonadores en Configuraci\u00f3n Comb-Line<\/a><\/td>\n<td>Dr. Vicente E. Boria Esbert<\/td>\n<\/tr>\n<tr style=\"background-color: #d3d3d3;\">\n<td>Private &#8211; European<\/td>\n<td><a title=\"CAD Tools for Passive Microwave Components\" href=\"http:\/\/gam.webs.upv.es\/index.php\/proyectos\/proyectos-finalizados\/cad-tools-for-passive-microwave-components\/?lang=en\">CAD Tools for Passive Microwave Components<\/a><\/td>\n<td>Dr. Vicente E. Boria Esbert<\/td>\n<\/tr>\n<tr>\n<td>Private &#8211; European<\/td>\n<td><a title=\"CAD Tool for Dual Mode Filters in Rectangular Waveguide Technology\" href=\"http:\/\/gam.webs.upv.es\/index.php\/proyectos\/proyectos-finalizados\/cad-tool-for-dual-mode-filters-in-rectangular-waveguide-technology\/?lang=en\">CAD Tool for Dual Mode Filters in Rectangular Waveguide Technology<\/a><\/td>\n<td>Dr. Vicente E. Boria Esbert<\/td>\n<\/tr>\n<tr style=\"background-color: #d3d3d3;\">\n<td>Private &#8211; National<\/td>\n<td><a title=\"Automatizaci\u00f3n del Dise\u00f1o de Filtros\" href=\"http:\/\/gam.webs.upv.es\/index.php\/proyectos\/proyectos-finalizados\/automatizacion-del-diseno-de-filtros\/?lang=en\">Automatizaci\u00f3n del Dise\u00f1o de Filtros<\/a><\/td>\n<td>Dr. Vicente E. Boria Esbert<\/td>\n<\/tr>\n<tr>\n<td>Private &#8211; European<\/td>\n<td><a title=\"Analysis of H- and E-plane T-junctions in Rectangular Waveguides with Rounded Corners and Applications\" href=\"http:\/\/gam.webs.upv.es\/index.php\/proyectos\/proyectos-finalizados\/analysis-of-h-and-e-plane-t-junctions-in-rectangular-waveguides-with-rounded-corners-and-applications\/?lang=en\">Analysis of H- and E-plane T-junctions in Rectangular Waveguides with Rounded Corners and Applications<\/a><\/td>\n<td>Dr. Vicente E. Boria Esbert<\/td>\n<\/tr>\n<\/tbody>\n<\/table>\n<p><\/p>","protected":false},"excerpt":{"rendered":"<p>Current Projects Financing Title Principal investigator Public &#8211; Regional High-performance computational mini-satellite platform for EDGE-AI Applications from space Dr. Vicente E. Boria Esbert Public &#8211; National Design, integration, verification, launch and operations of a CubeSat for Astrophysics and Earth Observation &hellip;<\/p>\n<p class=\"read-more\"> <a class=\"more-link\" href=\"https:\/\/gam.webs.upv.es\/index.php\/proyectos\/?lang=en\"> <span class=\"screen-reader-text\">Projects<\/span> Read More &raquo;<\/a><\/p>\n","protected":false},"author":5,"featured_media":0,"parent":0,"menu_order":0,"comment_status":"closed","ping_status":"closed","template":"full-width-page.php","meta":{"footnotes":""},"class_list":["post-84","page","type-page","status-publish","hentry"],"_links":{"self":[{"href":"https:\/\/gam.webs.upv.es\/index.php\/wp-json\/wp\/v2\/pages\/84","targetHints":{"allow":["GET"]}}],"collection":[{"href":"https:\/\/gam.webs.upv.es\/index.php\/wp-json\/wp\/v2\/pages"}],"about":[{"href":"https:\/\/gam.webs.upv.es\/index.php\/wp-json\/wp\/v2\/types\/page"}],"author":[{"embeddable":true,"href":"https:\/\/gam.webs.upv.es\/index.php\/wp-json\/wp\/v2\/users\/5"}],"replies":[{"embeddable":true,"href":"https:\/\/gam.webs.upv.es\/index.php\/wp-json\/wp\/v2\/comments?post=84"}],"version-history":[{"count":56,"href":"https:\/\/gam.webs.upv.es\/index.php\/wp-json\/wp\/v2\/pages\/84\/revisions"}],"predecessor-version":[{"id":1675,"href":"https:\/\/gam.webs.upv.es\/index.php\/wp-json\/wp\/v2\/pages\/84\/revisions\/1675"}],"wp:attachment":[{"href":"https:\/\/gam.webs.upv.es\/index.php\/wp-json\/wp\/v2\/media?parent=84"}],"curies":[{"name":"wp","href":"https:\/\/api.w.org\/{rel}","templated":true}]}}