{"id":74,"date":"2012-10-26T06:34:59","date_gmt":"2012-10-26T06:34:59","guid":{"rendered":"http:\/\/gam.webs.upv.es\/?page_id=74"},"modified":"2017-12-20T17:12:26","modified_gmt":"2017-12-20T17:12:26","slug":"desarrollo-tecnologico-de-circuitos-pasivos-de-alta-frecuencia-en-guia-de-ondas","status":"publish","type":"page","link":"https:\/\/gam.webs.upv.es\/index.php\/lineas-de-investigacion\/desarrollo-tecnologico-de-circuitos-pasivos-de-alta-frecuencia-en-guia-de-ondas\/?lang=es","title":{"rendered":"Desarrollo Tecnol\u00f3gico de Circuitos Pasivos de Alta Frecuencia en Gu\u00eda de Ondas"},"content":{"rendered":"<p><\/p>\n<p style=\"text-align: justify;\">El grupo tiene probada experiencia en el desarrollo tecnol\u00f3gico de circuitos pasivos (filtros, diplexores y multiplexores, redes de distribuci\u00f3n) empleados en sistemas de comunicaciones de alta frecuencia (con especial \u00e9nfasis en aplicaciones espaciales) y desarrollados en tecnolog\u00edas guiadas (gu\u00edas de onda, coaxial, cavidades met\u00e1licas con geometr\u00eda 3D arbitraria y resonadores diel\u00e9ctricos). Esta l\u00ednea de I+D implica todas las etapas necesarias para el desarrollo tecnol\u00f3gico de los citados componentes, es decir: su an\u00e1lisis, s\u00edntesis y dise\u00f1o optimizado, fabricaci\u00f3n de prototipos y su validaci\u00f3n experimental. En cada una de estas \u00e1reas de actividad se avanza en los siguientes temas:<\/p>\n<ol>\n<li style=\"list-style-type: none;\">\n<ol>\n<li style=\"text-align: justify;\">Desarrollo de nuevas t\u00e9cnicas de an\u00e1lisis electromagn\u00e9tico riguroso (<em>full-wave<\/em>) y eficiente de componentes en gu\u00eda, basadas en m\u00e9todos modales (<em>mode-matching<\/em> 2D y teor\u00eda de cavidades 3D), t\u00e9cnicas de ecuaci\u00f3n integral y m\u00e9todos h\u00edbridos (<em>Boundary Integral \u2013 Resonant Mode Expansion<\/em>, BI-RME 2D y 3D), e integraci\u00f3n en programas inform\u00e1ticos comerciales de dise\u00f1o asistido por ordenador (CAD).<\/li>\n<li style=\"text-align: justify;\">Manejo pr\u00e1ctico de programas comerciales de an\u00e1lisis electromagn\u00e9tico <em>full-wave<\/em> (se dispone de licencias de uso de ANSYS HFSS, ANSYS Designer, AuroraSAT FEST3D, Mician Microwave Wizard y COMSOL MultiPhysics) para la verificaci\u00f3n de los m\u00e9todos propios de an\u00e1lisis, y el dise\u00f1o pr\u00e1ctico de componentes avanzados.<\/li>\n<li style=\"text-align: justify;\">Combinaci\u00f3n de m\u00e9todos de s\u00edntesis (basados en matrices de acoplamientos y en modelos equivalentes distribuidos) con algoritmos de optimizaci\u00f3n (t\u00e9cnicas de b\u00fasqueda directa, gradiente, evolutivas, y basadas en mapeo espacial) para el dise\u00f1o asistido por ordenador (CAD\/CAE) de componentes pasivos de alta frecuencia en gu\u00eda de ondas.<\/li>\n<li style=\"text-align: justify;\">Dise\u00f1o pr\u00e1ctico, incluyendo fabricaci\u00f3n de prototipos (con equipamiento propio de la UPV, o en instalaciones externas ya validadas) y medidas experimentales de dispositivos pasivos (filtros, diplexores y multiplexores, divisores, transductores ortomodales, giradores de polarizaci\u00f3n, transiciones) en diversas tecnolog\u00edas (filtro de modo dual en gu\u00eda circular, filtros paso-bajo o de banda eliminada en gu\u00eda doblemente corrugada, diplexores en tecnolog\u00eda coaxial comb-line, ver fotos) para sistemas de comunicaciones inal\u00e1mbricas, m\u00f3viles y espaciales (bandas VHF y UHF, L, S, C, X, Ku, K y Ka).<\/li>\n<li style=\"text-align: justify;\">Predicci\u00f3n de efectos de descarga de RF (<em>multipaction<\/em> y <em>corona<\/em>) mediante algoritmos de simulaci\u00f3n EM <em>full-wave<\/em> y f\u00edsica de part\u00edculas, que surgen en aplicaciones de alta potencia (por ejemplo en cargas \u00fatiles de sat\u00e9lites y estaciones terrenas), as\u00ed como medida experimental de dichos fen\u00f3menos y de intermodulaci\u00f3n pasiva (PIM) en instalaciones propias y compartidas con la Agencia Espacial Europea y el Consorcio Espacial Valenciano.<\/li>\n<\/ol>\n<\/li>\n<\/ol>\n<table class=\"aligncenter\" style=\"width: 632px;\" border=\"0\" align=\"center\">\n<tbody>\n<tr>\n<td><a href=\"http:\/\/gam.webs.upv.es\/wp-content\/uploads\/filtro_modo_dual.jpg\" rel=\"lightbox[74]\"><img loading=\"lazy\" decoding=\"async\" title=\"filtro_modo_dual\" src=\"http:\/\/gam.webs.upv.es\/wp-content\/uploads\/filtro_modo_dual-300x198.jpg\" alt=\"\" width=\"300\" height=\"198\" \/><\/a><\/td>\n<td><a href=\"http:\/\/gam.webs.upv.es\/wp-content\/uploads\/filtro_doblemente_corrugado.jpg\" rel=\"lightbox[74]\"><img loading=\"lazy\" decoding=\"async\" title=\"filtro_doblemente_corrugado\" src=\"http:\/\/gam.webs.upv.es\/wp-content\/uploads\/filtro_doblemente_corrugado-300x198.jpg\" alt=\"\" width=\"300\" height=\"198\" \/><\/a><\/td>\n<\/tr>\n<tr>\n<td>\u00a0<strong>Dual<\/strong><\/td>\n<td><strong>Filtro Doblemente Corrugado<\/strong><\/td>\n<\/tr>\n<tr>\n<td><a href=\"http:\/\/gam.webs.upv.es\/wp-content\/uploads\/diplexor_combline.jpg\" rel=\"lightbox[74]\"><img loading=\"lazy\" decoding=\"async\" title=\"diplexor_combline\" src=\"http:\/\/gam.webs.upv.es\/wp-content\/uploads\/diplexor_combline-300x198.jpg\" alt=\"\" width=\"300\" height=\"198\" \/><\/a><\/td>\n<td><a href=\"http:\/\/gam.webs.upv.es\/wp-content\/uploads\/adaptador_en_coaxial.jpg\" rel=\"lightbox[74]\"><img loading=\"lazy\" decoding=\"async\" title=\"adaptador_en_coaxial\" src=\"http:\/\/gam.webs.upv.es\/wp-content\/uploads\/adaptador_en_coaxial-300x198.jpg\" alt=\"\" width=\"300\" height=\"198\" \/><\/a><\/td>\n<\/tr>\n<tr>\n<td><strong>Diplexor Combline<\/strong><\/td>\n<td><strong>Adaptador en coaxial<\/strong><\/td>\n<\/tr>\n<\/tbody>\n<\/table>\n<p style=\"text-align: justify;\">Para abordar las diversas \u00e1reas de actividad de esta l\u00ednea de I+D, el grupo dispone de un laboratorio propio de simulaci\u00f3n EM <em>full-wave<\/em>de circuitos y componentes (dotado de estaciones inform\u00e1ticas, puestos de trabajo y programas inform\u00e1ticos propios y\/o comerciales), as\u00ed como de una sala limpia de 50 m2 \u00fatiles de clase 10.000 para la medida experimental de prototipos (respuesta el\u00e9ctrica hasta 50 GHz con analizador de redes vectorial, ver foto abajo).<\/p>\n<p style=\"text-align: justify;\">A su vez, el grupo tiene acceso a las instalaciones del <em>European High Power RF Space Laboratory<\/em>, gestionado conjuntamente por la Agencia Espacial Europea y el Consorcio Espacial Valenciano, que consta de una sala de 150 m2 de clase 10.000 con todos los equipos necesarios (sistemas de vac\u00edo, generaci\u00f3n y amplificaci\u00f3n de se\u00f1al de RF y microondas, bancos y equipos de medidas) para medir efectos de descarga de RF (<em>multipactor<\/em> y <em>corona<\/em>) y de intermodulaci\u00f3n pasiva (PIM) en componentes de alta frecuencia (desde 435 MHz hasta 30 GHz) a embarcar en sat\u00e9lites (ver foto y enlace a laboratorio).<\/p>\n<table class=\"aligncenter\" style=\"width: 682px;\" border=\"0\" align=\"center\">\n<tbody>\n<tr>\n<td><a href=\"http:\/\/gam.webs.upv.es\/wp-content\/uploads\/Analizador_de_redes.jpg\" rel=\"lightbox[74]\"><img loading=\"lazy\" decoding=\"async\" class=\"alignleft\" title=\"Analizador_de_redes\" src=\"http:\/\/gam.webs.upv.es\/wp-content\/uploads\/Analizador_de_redes-300x198.jpg\" alt=\"\" width=\"300\" height=\"198\" \/><\/a><\/td>\n<td><a href=\"http:\/\/gam.webs.upv.es\/wp-content\/uploads\/sistema_vacio.jpg\" rel=\"lightbox[74]\"><img loading=\"lazy\" decoding=\"async\" class=\"alignleft wp-image-256\" title=\"sistema_vacio\" src=\"http:\/\/gam.webs.upv.es\/wp-content\/uploads\/sistema_vacio-300x198.jpg\" alt=\"\" width=\"300\" height=\"198\" srcset=\"https:\/\/gam.webs.upv.es\/wp-content\/uploads\/sistema_vacio-300x198.jpg 300w, https:\/\/gam.webs.upv.es\/wp-content\/uploads\/sistema_vacio.jpg 676w\" sizes=\"auto, (max-width: 300px) 100vw, 300px\" \/><\/a><\/td>\n<\/tr>\n<tr>\n<td valign=\"top\"><strong>Analizador de Redes &#8211; 50GHz<\/strong><\/td>\n<td valign=\"top\"><strong>Sistema de Vac\u00edo<\/strong><\/td>\n<\/tr>\n<\/tbody>\n<\/table>\n<p><\/p>","protected":false},"excerpt":{"rendered":"<p>El grupo tiene probada experiencia en el desarrollo tecnol\u00f3gico de circuitos pasivos (filtros, diplexores y multiplexores, redes de distribuci\u00f3n) empleados en sistemas de comunicaciones de alta frecuencia (con especial \u00e9nfasis en aplicaciones espaciales) y desarrollados en tecnolog\u00edas guiadas (gu\u00edas de &hellip;<\/p>\n<p class=\"read-more\"> <a class=\"more-link\" href=\"https:\/\/gam.webs.upv.es\/index.php\/lineas-de-investigacion\/desarrollo-tecnologico-de-circuitos-pasivos-de-alta-frecuencia-en-guia-de-ondas\/?lang=es\"> <span class=\"screen-reader-text\">Desarrollo Tecnol\u00f3gico de Circuitos Pasivos de Alta Frecuencia en Gu\u00eda de Ondas<\/span> Leer m\u00e1s \u00bb<\/a><\/p>\n","protected":false},"author":5,"featured_media":0,"parent":72,"menu_order":0,"comment_status":"closed","ping_status":"closed","template":"full-width-page.php","meta":{"footnotes":""},"class_list":["post-74","page","type-page","status-publish","hentry"],"_links":{"self":[{"href":"https:\/\/gam.webs.upv.es\/index.php\/wp-json\/wp\/v2\/pages\/74","targetHints":{"allow":["GET"]}}],"collection":[{"href":"https:\/\/gam.webs.upv.es\/index.php\/wp-json\/wp\/v2\/pages"}],"about":[{"href":"https:\/\/gam.webs.upv.es\/index.php\/wp-json\/wp\/v2\/types\/page"}],"author":[{"embeddable":true,"href":"https:\/\/gam.webs.upv.es\/index.php\/wp-json\/wp\/v2\/users\/5"}],"replies":[{"embeddable":true,"href":"https:\/\/gam.webs.upv.es\/index.php\/wp-json\/wp\/v2\/comments?post=74"}],"version-history":[{"count":67,"href":"https:\/\/gam.webs.upv.es\/index.php\/wp-json\/wp\/v2\/pages\/74\/revisions"}],"predecessor-version":[{"id":1174,"href":"https:\/\/gam.webs.upv.es\/index.php\/wp-json\/wp\/v2\/pages\/74\/revisions\/1174"}],"up":[{"embeddable":true,"href":"https:\/\/gam.webs.upv.es\/index.php\/wp-json\/wp\/v2\/pages\/72"}],"wp:attachment":[{"href":"https:\/\/gam.webs.upv.es\/index.php\/wp-json\/wp\/v2\/media?parent=74"}],"curies":[{"name":"wp","href":"https:\/\/api.w.org\/{rel}","templated":true}]}}