{"id":72,"date":"2012-10-26T06:33:58","date_gmt":"2012-10-26T06:33:58","guid":{"rendered":"http:\/\/gam.webs.upv.es\/?page_id=72"},"modified":"2012-11-19T11:20:39","modified_gmt":"2012-11-19T11:20:39","slug":"lineas-de-investigacion","status":"publish","type":"page","link":"https:\/\/gam.webs.upv.es\/index.php\/lineas-de-investigacion\/?lang=es","title":{"rendered":"L\u00edneas de Investigaci\u00f3n"},"content":{"rendered":"<p><\/p>\n<table class=\"aligncenter\" style=\"width: 800px;\" border=\"0\" align=\"center\">\n<tbody>\n<tr>\n<td style=\"text-align: left; width: 400px;\"><img loading=\"lazy\" decoding=\"async\" class=\"alignleft  wp-image-231\" title=\"proyectos01\" src=\"http:\/\/gam.webs.upv.es\/wp-content\/uploads\/proyectos01-150x150.jpg\" alt=\"\" width=\"150\" height=\"150\" \/><a title=\"Desarrollo Tecnol\u00f3gico de Circuitos Pasivos de Alta Frecuencia en Gu\u00eda de Ondas\" href=\"http:\/\/gam.webs.upv.es\/index.php\/lineas-de-investigacion\/desarrollo-tecnologico-de-circuitos-pasivos-de-alta-frecuencia-en-guia-de-ondas\/\">Desarrollo Tecnol\u00f3gico de Circuitos Pasivos de Alta Frecuencia en Gu\u00eda de Ondas<\/a><\/td>\n<td style=\"text-align: left; width: 400px;\" colspan=\"2\"><img loading=\"lazy\" decoding=\"async\" class=\"alignleft size-thumbnail wp-image-232\" title=\"proyectos02\" src=\"http:\/\/gam.webs.upv.es\/wp-content\/uploads\/proyectos02-150x150.jpg\" alt=\"\" width=\"150\" height=\"150\" \/><a title=\"An\u00e1lisis y Dise\u00f1o de Dispositivos Pasivos de Microondas en Tecnolog\u00edas Planar e H\u00edbrida (Gu\u00edas SIW)\" href=\"http:\/\/gam.webs.upv.es\/index.php\/lineas-de-investigacion\/analisis-y-diseno-de-dispositivos-pasivos-de-microondas-en-tecnologias-planar-e-hibrida-guias-siw\/\">An\u00e1lisis y Dise\u00f1o de Dispositivos Pasivos de Microondas en Tecnolog\u00edas Planar e H\u00edbrida (Gu\u00edas SIW)<\/a><\/td>\n<\/tr>\n<tr>\n<td style=\"text-align: left;\"><img loading=\"lazy\" decoding=\"async\" class=\"alignleft size-thumbnail wp-image-233\" title=\"proyectos03\" src=\"http:\/\/gam.webs.upv.es\/wp-content\/uploads\/proyectos03-150x150.jpg\" alt=\"\" width=\"150\" height=\"150\" \/><a title=\"Dise\u00f1o de Circuitos Pasivos de Alta Frecuencia Reconfigurables\" href=\"http:\/\/gam.webs.upv.es\/index.php\/diseno-de-circuitos-pasivos-de-alta-frecuencia-reconfigurables\/\">Dise\u00f1o de Circuitos Pasivos de Alta Frecuencia \u00a0Reconfigurables<\/a><\/td>\n<td style=\"text-align: left;\" colspan=\"2\"><img loading=\"lazy\" decoding=\"async\" class=\"alignleft size-thumbnail wp-image-234\" title=\"proyectos04\" src=\"http:\/\/gam.webs.upv.es\/wp-content\/uploads\/proyectos04-150x150.jpg\" alt=\"\" width=\"150\" height=\"150\" \/><a title=\"Desarrollo y Operaci\u00f3n de Cargas \u00datiles para Peque\u00f1as Plataformas Espaciales\" href=\"http:\/\/gam.webs.upv.es\/index.php\/lineas-de-investigacion\/desarrollo-y-operacion-de-cargas-utiles-para-pequenas-plataformas-espaciales\/\">Desarrollo y Operaci\u00f3n de Cargas \u00datiles para Peque\u00f1as Plataformas Espaciales<\/a><\/td>\n<\/tr>\n<tr>\n<td style=\"text-align: left;\"><img loading=\"lazy\" decoding=\"async\" class=\"alignleft size-thumbnail wp-image-235\" title=\"proyectos05\" src=\"http:\/\/gam.webs.upv.es\/wp-content\/uploads\/proyectos05-150x150.jpg\" alt=\"\" width=\"150\" height=\"150\" \/><a title=\"Aplicaciones de la Teledetecci\u00f3n y la Radionavegaci\u00f3n por Sat\u00e9lite\" href=\"http:\/\/gam.webs.upv.es\/index.php\/aplicaciones-de-la-teledeteccion-y-la-radionavegacion-por-satelite\/\">Aplicaciones de la Teledetecci\u00f3n y la Radionavegaci\u00f3n por Sat\u00e9lite<\/a><\/td>\n<td style=\"text-align: left;\" colspan=\"2\"><\/td>\n<\/tr>\n<tr>\n<td style=\"text-align: left;\"><\/td>\n<td style=\"text-align: left;\" colspan=\"2\"><\/td>\n<\/tr>\n<tr>\n<td style=\"text-align: left;\"><\/td>\n<td style=\"text-align: left;\" colspan=\"2\"><\/td>\n<\/tr>\n<\/tbody>\n<\/table>\n<p><\/p>","protected":false},"excerpt":{"rendered":"<p>Desarrollo Tecnol\u00f3gico de Circuitos Pasivos de Alta Frecuencia en Gu\u00eda de Ondas An\u00e1lisis y Dise\u00f1o de Dispositivos Pasivos de Microondas en Tecnolog\u00edas Planar e H\u00edbrida (Gu\u00edas SIW) Dise\u00f1o de Circuitos Pasivos de Alta Frecuencia \u00a0Reconfigurables Desarrollo y Operaci\u00f3n de Cargas &hellip;<\/p>\n<p class=\"read-more\"> <a class=\"more-link\" href=\"https:\/\/gam.webs.upv.es\/index.php\/lineas-de-investigacion\/?lang=es\"> <span class=\"screen-reader-text\">L\u00edneas de Investigaci\u00f3n<\/span> Leer m\u00e1s \u00bb<\/a><\/p>\n","protected":false},"author":5,"featured_media":0,"parent":0,"menu_order":0,"comment_status":"closed","ping_status":"closed","template":"full-width-page.php","meta":{"footnotes":""},"class_list":["post-72","page","type-page","status-publish","hentry"],"_links":{"self":[{"href":"https:\/\/gam.webs.upv.es\/index.php\/wp-json\/wp\/v2\/pages\/72","targetHints":{"allow":["GET"]}}],"collection":[{"href":"https:\/\/gam.webs.upv.es\/index.php\/wp-json\/wp\/v2\/pages"}],"about":[{"href":"https:\/\/gam.webs.upv.es\/index.php\/wp-json\/wp\/v2\/types\/page"}],"author":[{"embeddable":true,"href":"https:\/\/gam.webs.upv.es\/index.php\/wp-json\/wp\/v2\/users\/5"}],"replies":[{"embeddable":true,"href":"https:\/\/gam.webs.upv.es\/index.php\/wp-json\/wp\/v2\/comments?post=72"}],"version-history":[{"count":21,"href":"https:\/\/gam.webs.upv.es\/index.php\/wp-json\/wp\/v2\/pages\/72\/revisions"}],"predecessor-version":[{"id":230,"href":"https:\/\/gam.webs.upv.es\/index.php\/wp-json\/wp\/v2\/pages\/72\/revisions\/230"}],"wp:attachment":[{"href":"https:\/\/gam.webs.upv.es\/index.php\/wp-json\/wp\/v2\/media?parent=72"}],"curies":[{"name":"wp","href":"https:\/\/api.w.org\/{rel}","templated":true}]}}