{"id":64,"date":"2012-10-26T06:22:45","date_gmt":"2012-10-26T06:22:45","guid":{"rendered":"http:\/\/gam.webs.upv.es\/?page_id=64"},"modified":"2016-01-23T08:08:22","modified_gmt":"2016-01-23T08:08:22","slug":"personal-en-investigacion-pi","status":"publish","type":"page","link":"https:\/\/gam.webs.upv.es\/index.php\/personal-en-investigacion-pi\/?lang=es","title":{"rendered":"Personal en Investigaci\u00f3n (PI)"},"content":{"rendered":"<p><\/p>\n<table class=\"alignleft\" style=\"width: 900px;\" border=\"0\" align=\"left\">\n<tbody>\n<tr>\n<td style=\"width: 450px;\"><a href=\"http:\/\/gam.webs.upv.es\/wp-content\/uploads\/marta_reglero.jpg\" rel=\"lightbox[64]\"><img loading=\"lazy\" decoding=\"async\" class=\"alignleft size-full wp-image-137\" title=\"marta_reglero\" src=\"http:\/\/gam.webs.upv.es\/wp-content\/uploads\/marta_reglero.jpg\" alt=\"\" width=\"150\" height=\"150\" \/><\/a>Marta Sof\u00eda Reglero Mangada<\/p>\n<p>T\u00e9cnico Superior de Laboratorio<\/p>\n<p>Tel\u00e9fono: +34 96 387 7000 (ext. 88278)<\/p>\n<p>Email: <a href=\"mailto:marregma@iteam.upv.es\">marregma@iteam.upv.es<\/a><\/p>\n<p>M\u00e1s infomaci\u00f3n<\/p>\n<p>&nbsp;<\/td>\n<td style=\"width: 450px;\"><img loading=\"lazy\" decoding=\"async\" class=\"alignleft wp-image-133 size-full\" title=\"elena_diaz\" src=\"http:\/\/gam.webs.upv.es\/wp-content\/uploads\/ana_rodrigez.jpg\" alt=\"\" width=\"150\" height=\"150\" \/>Ana Mar\u00eda Rodr\u00edguez P\u00e9rez<\/p>\n<p>T\u00e9cnico Superior<\/p>\n<p>Tel\u00e9fono: +34 96 387 7000 (ext. 88278)<\/p>\n<p>Email: <a href=\"mailto:amrodri@iteam.upv.es\">amrodri@iteam.upv.es<\/a><\/p>\n<p><a title=\"Elena D\u00edaz Caballero\" href=\"http:\/\/gam.webs.upv.es\/index.php\/personal-en-investigacion-pi\/ana-maria-rodriguez-perez\/\">M\u00e1s infomaci\u00f3n<\/a><\/p>\n<p>&nbsp;<\/td>\n<\/tr>\n<tr>\n<td><img loading=\"lazy\" decoding=\"async\" class=\"alignleft wp-image-134 size-full\" title=\"ana_rodrigez\" src=\"http:\/\/gam.webs.upv.es\/wp-content\/uploads\/carlos_carceller.jpg\" alt=\"\" width=\"150\" height=\"150\" \/>Carlos Carceller Candau<\/p>\n<p>Becario de Investigaci\u00f3n<\/p>\n<p>Tel\u00e9fono: +34 96 387 7000 (ext. 88278)<\/p>\n<p>Email: <a href=\"mailto:carcarc2@iteam.upv.es\">carcarc2@iteam.upv.es<\/a><\/p>\n<p><a title=\"Ana Mar\u00eda Rodr\u00edguez P\u00e9rez\" href=\"http:\/\/gam.webs.upv.es\/index.php\/personal-en-investigacion-pi\/carlos-carceller-candau\/\">M\u00e1s infomaci\u00f3n<\/a><\/p>\n<p>&nbsp;<\/td>\n<td><a href=\"http:\/\/gam.webs.upv.es\/wp-content\/uploads\/stefano_sirci.jpg\" rel=\"lightbox[64]\"><img loading=\"lazy\" decoding=\"async\" class=\"alignleft\" title=\"stefano_sirci\" src=\"http:\/\/gam.webs.upv.es\/wp-content\/uploads\/stefano_sirci.jpg\" alt=\"\" width=\"150\" height=\"150\" \/><\/a>Stefano Sirci<\/p>\n<p>Becario de investigaci\u00f3n<\/p>\n<p>Tel\u00e9fono: +34 96 387 7000 (ext. 88278)<\/p>\n<p>Email: <a href=\"mailto:ssirci@iteam.upv.es\">ssirci@iteam.upv.es<\/a><\/p>\n<p><a title=\"Stefano Sirci\" href=\"http:\/\/gam.webs.upv.es\/index.php\/personal-en-investigacion-pi\/stefano-sirci\/\">M\u00e1s infomaci\u00f3n<\/a><\/p>\n<p>&nbsp;<\/td>\n<\/tr>\n<\/tbody>\n<\/table>\n<p><\/p>","protected":false},"excerpt":{"rendered":"<p>Marta Sof\u00eda Reglero Mangada T\u00e9cnico Superior de Laboratorio Tel\u00e9fono: +34 96 387 7000 (ext. 88278) Email: marregma@iteam.upv.es M\u00e1s infomaci\u00f3n &nbsp; Ana Mar\u00eda Rodr\u00edguez P\u00e9rez T\u00e9cnico Superior Tel\u00e9fono: +34 96 387 7000 (ext. 88278) Email: amrodri@iteam.upv.es M\u00e1s infomaci\u00f3n &nbsp; Carlos Carceller &hellip;<\/p>\n<p class=\"read-more\"> <a class=\"more-link\" href=\"https:\/\/gam.webs.upv.es\/index.php\/personal-en-investigacion-pi\/?lang=es\"> <span class=\"screen-reader-text\">Personal en Investigaci\u00f3n (PI)<\/span> Leer m\u00e1s \u00bb<\/a><\/p>\n","protected":false},"author":5,"featured_media":0,"parent":0,"menu_order":0,"comment_status":"closed","ping_status":"closed","template":"full-width-page.php","meta":{"footnotes":""},"class_list":["post-64","page","type-page","status-publish","hentry"],"_links":{"self":[{"href":"https:\/\/gam.webs.upv.es\/index.php\/wp-json\/wp\/v2\/pages\/64","targetHints":{"allow":["GET"]}}],"collection":[{"href":"https:\/\/gam.webs.upv.es\/index.php\/wp-json\/wp\/v2\/pages"}],"about":[{"href":"https:\/\/gam.webs.upv.es\/index.php\/wp-json\/wp\/v2\/types\/page"}],"author":[{"embeddable":true,"href":"https:\/\/gam.webs.upv.es\/index.php\/wp-json\/wp\/v2\/users\/5"}],"replies":[{"embeddable":true,"href":"https:\/\/gam.webs.upv.es\/index.php\/wp-json\/wp\/v2\/comments?post=64"}],"version-history":[{"count":18,"href":"https:\/\/gam.webs.upv.es\/index.php\/wp-json\/wp\/v2\/pages\/64\/revisions"}],"predecessor-version":[{"id":66,"href":"https:\/\/gam.webs.upv.es\/index.php\/wp-json\/wp\/v2\/pages\/64\/revisions\/66"}],"wp:attachment":[{"href":"https:\/\/gam.webs.upv.es\/index.php\/wp-json\/wp\/v2\/media?parent=64"}],"curies":[{"name":"wp","href":"https:\/\/api.w.org\/{rel}","templated":true}]}}