{"id":62,"date":"2012-10-26T06:21:38","date_gmt":"2012-10-26T06:21:38","guid":{"rendered":"http:\/\/gam.webs.upv.es\/?page_id=62"},"modified":"2016-01-23T08:00:58","modified_gmt":"2016-01-23T08:00:58","slug":"admin","status":"publish","type":"page","link":"https:\/\/gam.webs.upv.es\/index.php\/admin\/?lang=es","title":{"rendered":"Personal de Administraci\u00f3n y Servicios (PAS)"},"content":{"rendered":"<p><\/p>\n<table class=\"alignleft\" style=\"width: 834px; height: 200px;\" border=\"0\" align=\"left\">\n<tbody>\n<tr>\n<td><img loading=\"lazy\" decoding=\"async\" class=\"alignleft\" src=\"http:\/\/gam.webs.upv.es\/wp-content\/uploads\/mariam_taroncher.jpg\" alt=\"M\u00e1riam Taroncher Calduch\" width=\"150\" height=\"150\" \/> M\u00e1riam Taroncher Calduch<br \/>\nT\u00e9cnico Superior de Apoyo a la Investigaci\u00f3n<br \/>\nTel\u00e9fono: +34 96 387 7000 (ext.8878)<br \/>\nEmail: <a href=\"mailto:matacal@iteam.upv.es\">matacal@iteam.upv.es<\/a><br \/>\n<a title=\"Mariam Taroncher\" href=\"http:\/\/gam.webs.upv.es\/index.php\/admin\/mariam-taroncher-calduch\/?lang=es\">M\u00e1s informaci\u00f3n<\/a><\/td>\n<td><img loading=\"lazy\" decoding=\"async\" class=\"alignleft wp-image-1138 size-thumbnail\" title=\"Cristina Garc\u00eda\" src=\"http:\/\/gam.webs.upv.es\/wp-content\/uploads\/035c990-150x150.jpg\" alt=\"\" width=\"150\" height=\"150\" srcset=\"https:\/\/gam.webs.upv.es\/wp-content\/uploads\/035c990-150x150.jpg 150w, https:\/\/gam.webs.upv.es\/wp-content\/uploads\/035c990.jpg 200w\" sizes=\"auto, (max-width: 150px) 100vw, 150px\" \/>Mar\u00eda Bayarri Beltr\u00e1n<br \/>\nGestora de I+D+i<br \/>\nTel\u00e9fono: +34 96 387 7000 (ext.88273)<br \/>\nEmail: <a href=\"mailto:mababel@iteam.upv.es\">mababel@iteam.upv.es<\/a><br \/>\nM\u00e1s informaci\u00f3n<\/td>\n<\/tr>\n<\/tbody>\n<\/table>\n<p>","protected":false},"excerpt":{"rendered":"<p>M\u00e1riam Taroncher Calduch T\u00e9cnico Superior de Apoyo a la Investigaci\u00f3n Tel\u00e9fono: +34 96 387 7000 (ext.8878) Email: matacal@iteam.upv.es M\u00e1s informaci\u00f3n Mar\u00eda Bayarri Beltr\u00e1n Gestora de I+D+i Tel\u00e9fono: +34 96 387 7000 (ext.88273) Email: mababel@iteam.upv.es M\u00e1s informaci\u00f3n<\/p>\n","protected":false},"author":5,"featured_media":0,"parent":0,"menu_order":0,"comment_status":"closed","ping_status":"closed","template":"full-width-page.php","meta":{"footnotes":""},"class_list":["post-62","page","type-page","status-publish","hentry"],"_links":{"self":[{"href":"https:\/\/gam.webs.upv.es\/index.php\/wp-json\/wp\/v2\/pages\/62","targetHints":{"allow":["GET"]}}],"collection":[{"href":"https:\/\/gam.webs.upv.es\/index.php\/wp-json\/wp\/v2\/pages"}],"about":[{"href":"https:\/\/gam.webs.upv.es\/index.php\/wp-json\/wp\/v2\/types\/page"}],"author":[{"embeddable":true,"href":"https:\/\/gam.webs.upv.es\/index.php\/wp-json\/wp\/v2\/users\/5"}],"replies":[{"embeddable":true,"href":"https:\/\/gam.webs.upv.es\/index.php\/wp-json\/wp\/v2\/comments?post=62"}],"version-history":[{"count":32,"href":"https:\/\/gam.webs.upv.es\/index.php\/wp-json\/wp\/v2\/pages\/62\/revisions"}],"predecessor-version":[{"id":143,"href":"https:\/\/gam.webs.upv.es\/index.php\/wp-json\/wp\/v2\/pages\/62\/revisions\/143"}],"wp:attachment":[{"href":"https:\/\/gam.webs.upv.es\/index.php\/wp-json\/wp\/v2\/media?parent=62"}],"curies":[{"name":"wp","href":"https:\/\/api.w.org\/{rel}","templated":true}]}}