{"id":519,"date":"2012-10-28T09:00:01","date_gmt":"2012-10-28T09:00:01","guid":{"rendered":"http:\/\/gam.webs.upv.es\/?page_id=519"},"modified":"2013-04-18T12:01:16","modified_gmt":"2013-04-18T12:01:16","slug":"contacto","status":"publish","type":"page","link":"https:\/\/gam.webs.upv.es\/index.php\/contacto\/?lang=es","title":{"rendered":"Contacto"},"content":{"rendered":"<p><span style=\"text-decoration: underline;\"><a href=\"http:\/\/gam.webs.upv.es\/wp-content\/uploads\/instituto_gran.jpg\" rel=\"lightbox[519]\"><img loading=\"lazy\" decoding=\"async\" class=\"alignleft size-full wp-image-536\" title=\"instituto_gran\" alt=\"\" src=\"http:\/\/gam.webs.upv.es\/wp-content\/uploads\/instituto_gran.jpg\" width=\"300\" height=\"300\" srcset=\"https:\/\/gam.webs.upv.es\/wp-content\/uploads\/instituto_gran.jpg 300w, https:\/\/gam.webs.upv.es\/wp-content\/uploads\/instituto_gran-150x150.jpg 150w\" sizes=\"auto, (max-width: 300px) 100vw, 300px\" \/><\/a><strong>Direcci\u00f3n postal:<\/strong><\/span><\/p>\n<p>Universitat Polit\u00e8cnica de Val\u00e8ncia<br \/>\nInstituto Universitario de Telecomunicaciones y Aplicaciones Multimedia<br \/>\nEdificio 8G \u2013 Acceso D \u2013 Planta B<br \/>\nCamino de Vera s\/n (esquina calle Fausto Elio)<br \/>\n46022 Valencia\u00a0 \u2013 Espa\u00f1a<\/p>\n<p>Info-gam@upv.es<\/p>\n<p><div id=\"vfb-form-1\" class=\"visual-form-builder-container\"><form id=\"formulario-1\" class=\"visual-form-builder vfb-form-1 \" method=\"post\" enctype=\"multipart\/form-data\">\n\t  \t<input type=\"hidden\" name=\"form_id\" value=\"1\" \/><fieldset class=\"vfb-fieldset vfb-fieldset-1 formulario \" id=\"item-vfb-1\"><div class=\"vfb-legend\"><h3>Formulario<\/h3><\/div><ul class=\"vfb-section vfb-section-1\"><li class=\"vfb-item vfb-item-text  \" id=\"item-vfb-5\"><label for=\"vfb-5\" class=\"vfb-desc\">Nombre <\/label><input type=\"text\" name=\"vfb-5\" id=\"vfb-5\" value=\"\" class=\"vfb-text  vfb-medium   \" \/><\/li><li class=\"vfb-item vfb-item-email  \" id=\"item-vfb-7\"><label for=\"vfb-7\" class=\"vfb-desc\">Email  <span class=\"vfb-required-asterisk\">*<\/span><\/label><input type=\"email\" name=\"vfb-7\" id=\"vfb-7\" value=\"\" class=\"vfb-text  vfb-medium  required  email \" \/><\/li><li class=\"vfb-item vfb-item-textarea  \" id=\"item-vfb-8\"><label for=\"vfb-8\" class=\"vfb-desc\">Comentario <\/label><div><textarea name=\"vfb-8\" id=\"vfb-8\" class=\"vfb-textarea  vfb-medium  \"><\/textarea><\/div><\/li><\/ul>&nbsp;<\/fieldset><fieldset class=\"vfb-fieldset vfb-fieldset-2 verificacion \" id=\"item-vfb-2\" style=\"display:block\"><div class=\"vfb-legend\"><h3>Verificaci\u00f3n<\/h3><\/div><ul class=\"vfb-section vfb-section-2\"><li class=\"vfb-item vfb-item-secret\"  style=\"display:block\"><label for=\"vfb-3\" class=\"vfb-desc\">Por favor escriba dos d\u00edgitos sin espacios (Ejemplo: 12)<\/label><input type=\"hidden\" name=\"_vfb-required-secret\" value=\"0\" \/><input type=\"hidden\" name=\"_vfb-secret\" value=\"vfb-3\" \/><input type=\"text\" name=\"vfb-3\" id=\"vfb-3\" value=\"\" class=\"vfb-text  vfb-medium  {digits:true,maxlength:2,minlength:2} \" style=\"display:block\" \/><li style=\"display:none;\"><label>Esta caja es para protecci\u00f3n contra el spam - &lt;strong&gt;por favor d\u00e9jalo en blanco&lt;\/strong&gt;:<\/label><div><input name=\"vfb-spam\" \/><\/div><\/li>\n\t\t\t<li class=\"vfb-item vfb-item-submit\" id=\"item-vfb-4\">\n\t\t\t\t<input type=\"submit\" name=\"vfb-submit\" id=\"vfb-4\" value=\"Enviar\" class=\"vfb-submit \" \/>\n\t\t\t\t<\/li><\/ul>\n\t\t\t<\/fieldset><input type=\"hidden\" name=\"_wp_http_referer\" value=\"\/index.php\/wp-json\/wp\/v2\/pages\/519\" \/><\/form><\/div> <!-- .visual-form-builder-container --><\/p>","protected":false},"excerpt":{"rendered":"<p>Direcci\u00f3n postal: Universitat Polit\u00e8cnica de Val\u00e8ncia Instituto Universitario de Telecomunicaciones y Aplicaciones Multimedia Edificio 8G \u2013 Acceso D \u2013 Planta B Camino de Vera s\/n (esquina calle Fausto Elio) 46022 Valencia\u00a0 \u2013 Espa\u00f1a Info-gam@upv.es<\/p>\n","protected":false},"author":5,"featured_media":0,"parent":0,"menu_order":0,"comment_status":"closed","ping_status":"closed","template":"full-width-page.php","meta":{"footnotes":""},"class_list":["post-519","page","type-page","status-publish","hentry"],"_links":{"self":[{"href":"https:\/\/gam.webs.upv.es\/index.php\/wp-json\/wp\/v2\/pages\/519","targetHints":{"allow":["GET"]}}],"collection":[{"href":"https:\/\/gam.webs.upv.es\/index.php\/wp-json\/wp\/v2\/pages"}],"about":[{"href":"https:\/\/gam.webs.upv.es\/index.php\/wp-json\/wp\/v2\/types\/page"}],"author":[{"embeddable":true,"href":"https:\/\/gam.webs.upv.es\/index.php\/wp-json\/wp\/v2\/users\/5"}],"replies":[{"embeddable":true,"href":"https:\/\/gam.webs.upv.es\/index.php\/wp-json\/wp\/v2\/comments?post=519"}],"version-history":[{"count":10,"href":"https:\/\/gam.webs.upv.es\/index.php\/wp-json\/wp\/v2\/pages\/519\/revisions"}],"predecessor-version":[{"id":534,"href":"https:\/\/gam.webs.upv.es\/index.php\/wp-json\/wp\/v2\/pages\/519\/revisions\/534"}],"wp:attachment":[{"href":"https:\/\/gam.webs.upv.es\/index.php\/wp-json\/wp\/v2\/media?parent=519"}],"curies":[{"name":"wp","href":"https:\/\/api.w.org\/{rel}","templated":true}]}}