{"id":47,"date":"2012-10-26T05:31:40","date_gmt":"2012-10-26T05:31:40","guid":{"rendered":"http:\/\/gam.webs.upv.es\/?page_id=47"},"modified":"2022-01-27T17:51:42","modified_gmt":"2022-01-27T17:51:42","slug":"personal","status":"publish","type":"page","link":"https:\/\/gam.webs.upv.es\/index.php\/personal\/?lang=es","title":{"rendered":"Personal Docente Investigador (PDI)"},"content":{"rendered":"<p><\/p>\n<table class=\"alignleft\" style=\"width: 834px; height: 200px;\" border=\"0\" align=\"left\">\n<tbody>\n<tr>\n<td><img loading=\"lazy\" decoding=\"async\" class=\"alignleft\" src=\"http:\/\/gam.webs.upv.es\/wp-content\/uploads\/Vicente_Boria.jpg\" alt=\"Vicente Boria Esbert\" width=\"150\" height=\"150\" \/> Vicente E. Boria Esbert<br \/>\nCatedr\u00e1tico de Universidad<br \/>\nDirector del GAM<br \/>\nTel\u00e9fono: +34 96 387 9718<br \/>\nEmail: <a href=\"mailto:vboria@dcom.upv.es\">vboria@dcom.upv.es<\/a><br \/>\n<a title=\"Vicente Boria\" href=\"http:\/\/gam.webs.upv.es\/index.php\/personal\/vicente-boria\/\/?lang=es\">M\u00e1s informaci\u00f3n<\/a><\/td>\n<td><a href=\"http:\/\/gam.webs.upv.es\/wp-content\/uploads\/Hector_Gonzalez.jpg\" rel=\"lightbox[47]\"><img loading=\"lazy\" decoding=\"async\" class=\"alignleft  wp-image-56\" title=\"Hector_Gonzalez\" src=\"http:\/\/gam.webs.upv.es\/wp-content\/uploads\/Hector_Gonzalez.jpg\" alt=\"\" width=\"150\" height=\"150\" \/><\/a>H\u00e9ctor Esteban Gonz\u00e1lez<br \/>\nCatedr\u00e1tico de Universidad<br \/>\nTel\u00e9fono: +34 96 387 7758<br \/>\nEmail: <a href=\"mailto:hesteban@dcom.upv.es\">hesteban@dcom.upv.es<\/a><br \/>\n<a title=\"H\u00e9ctor Esteban Gonz\u00e1lez\" href=\"http:\/\/gam.webs.upv.es\/index.php\/personal\/hector-esteban-gonzalez\/\/?lang=es\">M\u00e1s informaci\u00f3n<\/a><\/td>\n<\/tr>\n<tr>\n<td><a href=\"http:\/\/gam.webs.upv.es\/wp-content\/uploads\/Santiago_cogollos.jpg\" rel=\"lightbox[47]\"><img loading=\"lazy\" decoding=\"async\" class=\"alignleft size-full wp-image-57\" title=\"Santiago_cogollos\" src=\"http:\/\/gam.webs.upv.es\/wp-content\/uploads\/Santiago_cogollos.jpg\" alt=\"\" width=\"150\" height=\"150\" \/><\/a>Santiago Cogollos Borras<br \/>\nTitular de Universidad<br \/>\nTel\u00e9fono: +34 96 387 9197<br \/>\nEmail: <a href=\"mailto:sancobo@dcom.upv.es\">sancobo@dcom.upv.es<\/a><br \/>\n<a title=\"Santiago Cogollos Borras\" href=\"http:\/\/gam.webs.upv.es\/index.php\/personal\/santiago-cogollos-borras\/\/?lang=es\">M\u00e1s informaci\u00f3n<\/a><\/td>\n<td><a href=\"http:\/\/gam.webs.upv.es\/wp-content\/uploads\/persona2.jpg\" rel=\"lightbox[47]\"><img loading=\"lazy\" decoding=\"async\" class=\"alignleft size-full wp-image-131\" title=\"Jorge Martinez\" src=\"http:\/\/gam.webs.upv.es\/wp-content\/uploads\/persona2.jpg\" alt=\"\" width=\"150\" height=\"150\" \/><\/a>Jorge Daniel Mart\u00ednez P\u00e9rez<br \/>\nTitular de Universidad<br \/>\nTel\u00e9fono: +34 96 387 7000 (ext. 76004)<br \/>\nEmail: <a href=\"mailto:jdmartinez@eln.upv.es\">jdmartinez@eln.upv.es<\/a><br \/>\nM\u00e1s informaci\u00f3n<\/td>\n<\/tr>\n<tr>\n<td>Pablo Soto Pacheco<a href=\"http:\/\/gam.webs.upv.es\/wp-content\/uploads\/Pablo_soto.jpg\" rel=\"lightbox[47]\"><img loading=\"lazy\" decoding=\"async\" class=\"alignleft size-full wp-image-128\" title=\"Pablo_soto\" src=\"http:\/\/gam.webs.upv.es\/wp-content\/uploads\/Pablo_soto.jpg\" alt=\"\" width=\"150\" height=\"150\" \/><\/a><br \/>\nTitular de Universidad<br \/>\nTel\u00e9fono: +34 96 387 9195<br \/>\nEmail: <a href=\"mailto:pabsopac@dcom.upv.es\">pabsopac@dcom.upv.es<\/a><br \/>\n<a title=\"Pablo Soto Pacheco\" href=\"http:\/\/gam.webs.upv.es\/index.php\/personal\/pablo-soto-pacheco\/\/?lang=es\">M\u00e1s informaci\u00f3n<\/a><\/td>\n<td><a href=\"http:\/\/gam.webs.upv.es\/wp-content\/uploads\/carmen_bachiller.jpg\" rel=\"lightbox[47]\"><img loading=\"lazy\" decoding=\"async\" class=\"alignleft  wp-image-126\" title=\"carmen_bachiller\" src=\"http:\/\/gam.webs.upv.es\/wp-content\/uploads\/carmen_bachiller.jpg\" alt=\"\" width=\"150\" height=\"150\" \/><\/a>Carmen Bachiller Mar\u00edn<br \/>\nTitular de Universidad<br \/>\nTel\u00e9fono: +34 96 387 9193<br \/>\nEmail: <a href=\"mailto:mabacmar@dcom.upv.es\">mabacmar@dcom.upv.es<\/a><br \/>\n<a title=\"Carmen Bachiller Mar\u00edn\" href=\"http:\/\/gam.webs.upv.es\/index.php\/personal\/carmen-bachiller-marin\/\/?lang=es\">M\u00e1s Informaci\u00f3n<\/a><\/td>\n<\/tr>\n<tr>\n<td><a href=\"http:\/\/gam.webs.upv.es\/wp-content\/uploads\/Ana_vidal.jpg\" rel=\"lightbox[47]\"><img loading=\"lazy\" decoding=\"async\" class=\"alignleft\" title=\"Ana_vidal\" src=\"http:\/\/gam.webs.upv.es\/wp-content\/uploads\/Ana_vidal.jpg\" alt=\"\" width=\"150\" height=\"150\" \/><\/a>Ana Vidal Pantaleoni<br \/>\nTitular de Universidad<br \/>\nTel\u00e9fono: +34 96 387 9710<br \/>\nEmail: <a href=\"mailto:avidal@dcom.upv.es\">avidal@dcom.upv.es<\/a><br \/>\n<a title=\"Ana Vidal Pantaleoni\" href=\"http:\/\/gam.webs.upv.es\/index.php\/personal\/ana-vidal-pantaleoni\/\/?lang=es\">M\u00e1s Informaci\u00f3n<\/a><\/td>\n<td><a href=\"http:\/\/gam.webs.upv.es\/wp-content\/uploads\/jose_morro.jpg\" rel=\"lightbox[47]\"><img loading=\"lazy\" decoding=\"async\" class=\"alignleft size-full wp-image-127\" title=\"jose_morro\" src=\"http:\/\/gam.webs.upv.es\/wp-content\/uploads\/jose_morro.jpg\" alt=\"\" width=\"150\" height=\"150\" \/><\/a>Jos\u00e9 Vicente Morro Ros<br \/>\nTitular de Universidad<br \/>\nTel\u00e9fono: +34 96 387 7309<br \/>\nEmail: <a href=\"mailto:jomorros@dcom.upv.es\">jomorros@dcom.upv.es<\/a><br \/>\n<a title=\"Jos\u00e9 Vicente Morro Ros\" href=\"http:\/\/gam.webs.upv.es\/index.php\/personal\/jose-vicente-morro-ros\/\/?lang=es\">M\u00e1s Informaci\u00f3n<\/a><\/td>\n<\/tr>\n<\/tbody>\n<\/table>\n<p>","protected":false},"excerpt":{"rendered":"<p>Vicente E. Boria Esbert Catedr\u00e1tico de Universidad Director del GAM Tel\u00e9fono: +34 96 387 9718 Email: vboria@dcom.upv.es M\u00e1s informaci\u00f3n H\u00e9ctor Esteban Gonz\u00e1lez Catedr\u00e1tico de Universidad Tel\u00e9fono: +34 96 387 7758 Email: hesteban@dcom.upv.es M\u00e1s informaci\u00f3n Santiago Cogollos Borras Titular de Universidad &hellip;<\/p>\n<p class=\"read-more\"> <a class=\"more-link\" href=\"https:\/\/gam.webs.upv.es\/index.php\/personal\/?lang=es\"> <span class=\"screen-reader-text\">Personal Docente Investigador (PDI)<\/span> Leer m\u00e1s \u00bb<\/a><\/p>\n","protected":false},"author":5,"featured_media":0,"parent":0,"menu_order":0,"comment_status":"closed","ping_status":"closed","template":"full-width-page.php","meta":{"footnotes":""},"class_list":["post-47","page","type-page","status-publish","hentry"],"_links":{"self":[{"href":"https:\/\/gam.webs.upv.es\/index.php\/wp-json\/wp\/v2\/pages\/47","targetHints":{"allow":["GET"]}}],"collection":[{"href":"https:\/\/gam.webs.upv.es\/index.php\/wp-json\/wp\/v2\/pages"}],"about":[{"href":"https:\/\/gam.webs.upv.es\/index.php\/wp-json\/wp\/v2\/types\/page"}],"author":[{"embeddable":true,"href":"https:\/\/gam.webs.upv.es\/index.php\/wp-json\/wp\/v2\/users\/5"}],"replies":[{"embeddable":true,"href":"https:\/\/gam.webs.upv.es\/index.php\/wp-json\/wp\/v2\/comments?post=47"}],"version-history":[{"count":93,"href":"https:\/\/gam.webs.upv.es\/index.php\/wp-json\/wp\/v2\/pages\/47\/revisions"}],"predecessor-version":[{"id":1313,"href":"https:\/\/gam.webs.upv.es\/index.php\/wp-json\/wp\/v2\/pages\/47\/revisions\/1313"}],"wp:attachment":[{"href":"https:\/\/gam.webs.upv.es\/index.php\/wp-json\/wp\/v2\/media?parent=47"}],"curies":[{"name":"wp","href":"https:\/\/api.w.org\/{rel}","templated":true}]}}