{"id":348,"date":"2012-10-27T07:19:11","date_gmt":"2012-10-27T07:19:11","guid":{"rendered":"http:\/\/gam.webs.upv.es\/?page_id=348"},"modified":"2012-10-28T08:19:30","modified_gmt":"2012-10-28T08:19:30","slug":"cad-tool-for-dual-mode-filters-in-rectangular-waveguide-technology","status":"publish","type":"page","link":"https:\/\/gam.webs.upv.es\/index.php\/proyectos\/proyectos-finalizados\/cad-tool-for-dual-mode-filters-in-rectangular-waveguide-technology\/?lang=en","title":{"rendered":"CAD Tool for Dual Mode Filters in Rectangular Waveguide Technology"},"content":{"rendered":"<p><strong>T\u00edtulo del contrato\/proyecto: CAD Tool for Dual Mode Filters in Rectangular Waveguide Technology<br \/>\n<\/strong><strong>Empresa\/Administraci\u00f3n financiadora: COM DEV (Reino Unido), Centro Europeo de Tecnolog\u00eda e Investigaci\u00f3n Espacial (ESTEC), Agencia Europea del Espacio (ESA), Universidad Polit\u00e9cnica de Valencia (Espa\u00f1a) y Universidad de Valencia (Espa\u00f1a)<br \/>\n<\/strong><strong>Entidades participantes: COM DEV (Reino Unido), Centro Europeo de Tecnolog\u00eda e Investigaci\u00f3n Espacial (ESTEC), Agencia Europea del Espacio (ESA), Departamento de Comunicaciones (Universidad Polit\u00e9cnica de Valencia) y Departamento de F\u00edsica Aplicada (Universidad de Valencia)<br \/>\n<\/strong><strong>Duraci\u00f3n: 01\/05\/2001 &#8211; 30\/10\/2001<br \/>\n<\/strong><strong>Investigador responsable: Dr. Vicente E. Boria Esbert (Subproyecto Universidad Polit\u00e9cnica de Valencia)<br \/>\n<\/strong><strong>N\u00famero de investigadores participantes: 8<\/strong><\/p>","protected":false},"excerpt":{"rendered":"<p>T\u00edtulo del contrato\/proyecto: CAD Tool for Dual Mode Filters in Rectangular Waveguide Technology Empresa\/Administraci\u00f3n financiadora: COM DEV (Reino Unido), Centro Europeo de Tecnolog\u00eda e Investigaci\u00f3n Espacial (ESTEC), Agencia Europea del Espacio (ESA), Universidad Polit\u00e9cnica de Valencia (Espa\u00f1a) y Universidad de &hellip;<\/p>\n<p class=\"read-more\"> <a class=\"more-link\" href=\"https:\/\/gam.webs.upv.es\/index.php\/proyectos\/proyectos-finalizados\/cad-tool-for-dual-mode-filters-in-rectangular-waveguide-technology\/?lang=en\"> <span class=\"screen-reader-text\">CAD Tool for Dual Mode Filters in Rectangular Waveguide Technology<\/span> Read More &raquo;<\/a><\/p>\n","protected":false},"author":5,"featured_media":0,"parent":281,"menu_order":0,"comment_status":"closed","ping_status":"closed","template":"full-width-page.php","meta":{"footnotes":""},"class_list":["post-348","page","type-page","status-publish","hentry"],"_links":{"self":[{"href":"https:\/\/gam.webs.upv.es\/index.php\/wp-json\/wp\/v2\/pages\/348","targetHints":{"allow":["GET"]}}],"collection":[{"href":"https:\/\/gam.webs.upv.es\/index.php\/wp-json\/wp\/v2\/pages"}],"about":[{"href":"https:\/\/gam.webs.upv.es\/index.php\/wp-json\/wp\/v2\/types\/page"}],"author":[{"embeddable":true,"href":"https:\/\/gam.webs.upv.es\/index.php\/wp-json\/wp\/v2\/users\/5"}],"replies":[{"embeddable":true,"href":"https:\/\/gam.webs.upv.es\/index.php\/wp-json\/wp\/v2\/comments?post=348"}],"version-history":[{"count":2,"href":"https:\/\/gam.webs.upv.es\/index.php\/wp-json\/wp\/v2\/pages\/348\/revisions"}],"predecessor-version":[{"id":505,"href":"https:\/\/gam.webs.upv.es\/index.php\/wp-json\/wp\/v2\/pages\/348\/revisions\/505"}],"up":[{"embeddable":true,"href":"https:\/\/gam.webs.upv.es\/index.php\/wp-json\/wp\/v2\/pages\/281"}],"wp:attachment":[{"href":"https:\/\/gam.webs.upv.es\/index.php\/wp-json\/wp\/v2\/media?parent=348"}],"curies":[{"name":"wp","href":"https:\/\/api.w.org\/{rel}","templated":true}]}}