{"id":303,"date":"2012-10-27T07:02:16","date_gmt":"2012-10-27T07:02:16","guid":{"rendered":"http:\/\/gam.webs.upv.es\/?page_id=303"},"modified":"2012-10-27T20:57:14","modified_gmt":"2012-10-27T20:57:14","slug":"millimetre-wave-and-microwave-components-design-framework-for-ground-and-space-multimedia-network","status":"publish","type":"page","link":"https:\/\/gam.webs.upv.es\/index.php\/proyectos\/proyectos-finalizados\/millimetre-wave-and-microwave-components-design-framework-for-ground-and-space-multimedia-network\/?lang=es","title":{"rendered":"Millimetre-wave and Microwave Components Design Framework for Ground and Space Multimedia Network"},"content":{"rendered":"<p><strong>T\u00edtulo del proyecto: Millimetre-wave and Microwave Components Design Framework for Ground and Space Multimedia Network (Acr\u00f3nimo: MMCODEF)<br \/>\n<\/strong><strong>Entidad financiadora: Comunidad Europea (V Programa Marco, Human Potential Research Training Networks)<br \/>\n<\/strong><strong>Ref. HPRN-CT-2000-00043<br \/>\n<\/strong><strong>Entidades participantes: IDS Ingegneria dei Sistemi (Italia), Bosch Telecom (Alemania), European Space Research and Technology Centre of European Space Agency (Holanda), Electromagnetics Laboratory of Ecole Polytechnique F\u00e9d\u00e9rale de Lausanne (Suiza), TNO Physics and Electronics Laboratory (Holanda), Technical University of Darmstadt (Alemania), Universit\u00e0 di Pavia (Italia), Universidad Polit\u00e9cnica de Valencia (Espa\u00f1a), Universidad de Valencia (Espa\u00f1a)<br \/>\n<\/strong><strong>Duraci\u00f3n: 01\/10\/2000 &#8211; 31\/03\/2004<br \/>\n<\/strong><strong>Investigador responsable: Dr. Vicente E. Boria Esbert (Subproyecto Universidad Polit\u00e9cnica de Valencia)<br \/>\n<\/strong><strong>N\u00famero de investigadores participantes: 9 (Subproyecto Universidad Polit\u00e9cnica de Valencia), 59 (Proyecto)<\/strong><\/p>\n<p style=\"text-align: justify;\"><strong>Abstract: <\/strong>The project of this Research Training Network was essentially focused on the development of techniques and software tools for the efficient analysis and design of complex passive waveguide components, widely used in satellite payloads. These research activities were mainly devoted to filters, diplexers and multiplexers for space applications, but they were also applied to other passive hardware such as power dividers, multi-aperture couplers and ortho-mode transducers. As a direct consequence of this project execution, an enhanced version of the well-known ESA software tool called FEST 3D was obtained. This software package is presently used by many European (and all-over-the-world) microwave hardware manufacturing companies in order to design their commercial products. The main contribution of UPV in this project was the introduction of a module into the software for the accurate and efficient characterization of passive devices based on arbitrarily shaped waveguides.<\/p>\n<p><\/p>","protected":false},"excerpt":{"rendered":"<p>T\u00edtulo del proyecto: Millimetre-wave and Microwave Components Design Framework for Ground and Space Multimedia Network (Acr\u00f3nimo: MMCODEF) Entidad financiadora: Comunidad Europea (V Programa Marco, Human Potential Research Training Networks) Ref. HPRN-CT-2000-00043 Entidades participantes: IDS Ingegneria dei Sistemi (Italia), Bosch Telecom &hellip;<\/p>\n<p class=\"read-more\"> <a class=\"more-link\" href=\"https:\/\/gam.webs.upv.es\/index.php\/proyectos\/proyectos-finalizados\/millimetre-wave-and-microwave-components-design-framework-for-ground-and-space-multimedia-network\/?lang=es\"> <span class=\"screen-reader-text\">Millimetre-wave and Microwave Components Design Framework for Ground and Space Multimedia Network<\/span> Leer m\u00e1s \u00bb<\/a><\/p>\n","protected":false},"author":5,"featured_media":0,"parent":281,"menu_order":0,"comment_status":"closed","ping_status":"closed","template":"full-width-page.php","meta":{"footnotes":""},"class_list":["post-303","page","type-page","status-publish","hentry"],"_links":{"self":[{"href":"https:\/\/gam.webs.upv.es\/index.php\/wp-json\/wp\/v2\/pages\/303","targetHints":{"allow":["GET"]}}],"collection":[{"href":"https:\/\/gam.webs.upv.es\/index.php\/wp-json\/wp\/v2\/pages"}],"about":[{"href":"https:\/\/gam.webs.upv.es\/index.php\/wp-json\/wp\/v2\/types\/page"}],"author":[{"embeddable":true,"href":"https:\/\/gam.webs.upv.es\/index.php\/wp-json\/wp\/v2\/users\/5"}],"replies":[{"embeddable":true,"href":"https:\/\/gam.webs.upv.es\/index.php\/wp-json\/wp\/v2\/comments?post=303"}],"version-history":[{"count":4,"href":"https:\/\/gam.webs.upv.es\/index.php\/wp-json\/wp\/v2\/pages\/303\/revisions"}],"predecessor-version":[{"id":462,"href":"https:\/\/gam.webs.upv.es\/index.php\/wp-json\/wp\/v2\/pages\/303\/revisions\/462"}],"up":[{"embeddable":true,"href":"https:\/\/gam.webs.upv.es\/index.php\/wp-json\/wp\/v2\/pages\/281"}],"wp:attachment":[{"href":"https:\/\/gam.webs.upv.es\/index.php\/wp-json\/wp\/v2\/media?parent=303"}],"curies":[{"name":"wp","href":"https:\/\/api.w.org\/{rel}","templated":true}]}}