{"id":286,"date":"2012-10-27T06:56:00","date_gmt":"2012-10-27T06:56:00","guid":{"rendered":"http:\/\/gam.webs.upv.es\/?page_id=286"},"modified":"2012-10-27T18:26:22","modified_gmt":"2012-10-27T18:26:22","slug":"desarrollo-tecnologico-avanzado-de-dispositivos-pasivos-en-tecnologia-guiada-para-cargas-utiles-de-satelites","status":"publish","type":"page","link":"https:\/\/gam.webs.upv.es\/index.php\/lineas-de-investigacion\/desarrollo-tecnologico-avanzado-de-dispositivos-pasivos-en-tecnologia-guiada-para-cargas-utiles-de-satelites\/?lang=es","title":{"rendered":"Desarrollo Tecnol\u00f3gico Avanzado de Dispositivos Pasivos en Tecnolog\u00eda Guiada para Cargas \u00datiles de Sat\u00e9lites"},"content":{"rendered":"<p><strong>T\u00edtulo del proyecto: Desarrollo Tecnol\u00f3gico Avanzado de Dispositivos Pasivos en Tecnolog\u00eda Guiada para Cargas \u00datiles de Sat\u00e9lites<br \/>\n<\/strong><strong>Entidad financiadora: CICYT (Comisi\u00f3n Interministerial de Ciencia y Tecnolog\u00eda)<br \/>\n<\/strong><strong>Ref. TEC2010-21520-C04-01\/TCM<br \/>\n<\/strong><strong>Entidades participantes: Grupo de Aplicaciones de Microondas (Universidad Polit\u00e9cnica de Valencia), Grupo de Electromagnetismo aplicado a las Telecomunicaciones (Universidad Polit\u00e9cnica de Cartagena), Grupo de Sistemas de Radiofrecuencia (Universidad Miguel Hern\u00e9andez de Elche), Grupo de Electromagnetismo Aplicado (Universidad de Castilla La Mancha)<br \/>\n<\/strong><strong>Duraci\u00f3n: 01\/01\/2011 &#8211; 31\/12\/2013<br \/>\n<\/strong><strong>Investigador responsable: Dr. Vicente E. Boria Esbert (Coordinador)<br \/>\n<\/strong><strong>N\u00famero de investigadores participantes: 12 (Subproyecto GAM-UPV), 35 (Proyecto)<\/strong><\/p>\n<p style=\"text-align: justify;\"><strong>Breve Descripci\u00f3n del Proyecto: <\/strong>Los componentes pasivos de microondas a embarcar en los sat\u00e9lites de Telecomunicaci\u00f3n tienen un gran impacto en el buen funcionamiento global de sus respectivas cargas \u00fatiles. A su vez, las pr\u00f3ximas generaciones de sistemas de comunicaciones espaciales exigen mayores requisitos (algunos de car\u00e1cter multidisciplinar) en dichos componentes. Entre ellos cabe citar mayor grado de compactaci\u00f3n (miniaturizaci\u00f3n), fiabilidad y conectividad (capacidad de reconfiguraci\u00f3n), respuestas el\u00e9ctricas avanzadas (menores p\u00e9rdidas de inserci\u00f3n, m\u00faltiples bandas de paso y mayor selectividad), as\u00ed como capacidad para soportar canales con mayores anchos de banda y tambi\u00e9n niveles de potencia m\u00e1s elevados. Considerando pues todas estas necesidades tecnol\u00f3gicas del sector, reconocidas de forma expl\u00edcita por empresas internacionales (COM DEV y ORBITAL), europeas (TESAT y MESL Microwave) y nacionales (Thales Alenia Space Spain, RYMSA y AURORASAT) con las que colaboran habitualmente los investigadores de este proyecto, se pretende generar los avances cient\u00edficos y t\u00e9cnicos necesarios para abordar nuevos desarrollos tecnol\u00f3gicos de los componentes pasivos (esencialmente filtros, diplexores y multiplexores) presentes en los sat\u00e9lites. En concreto, se pretende mejorar las topolog\u00edas y los procesos de an\u00e1lisis y dise\u00f1o de dichos dispositivos a implementar en tecnolog\u00edas cl\u00e1sicas (gu\u00edas de ondas, cavidades coaxiales y circuitos planares), investigar el empleo de otras tecnolog\u00edas emergentes (h\u00edbrida guiada-impresa y gu\u00edas integradas en substrato diel\u00e9ctrico) incluyendo capacidad de sinton\u00eda mediante sistemas micro-electro-mec\u00e1nicos (MEMS), e incorporar materiales avanzados (medios zurdos y peri\u00f3dicos de bandas prohibidas) para compactar m\u00e1s los equipos. Con el objeto de que los nuevos componentes y subsistemas pasivos a desarrollar se transfieran a la industria espacial espa\u00f1ola e internacional (se incluyen cartas de dichas entidades expresando su apoyo y participaci\u00f3n activa en el proyecto), se implementar\u00e1n prototipos y demostradores cuyo comportamiento se validar\u00e1 de forma experimental en los laboratorios de los grupos solicitantes. En este sentido, se tiene intenci\u00f3n de colaborar con la Agencia Espacial Europea (ESA) en la generaci\u00f3n de nuevos modelos de predicci\u00f3n de efectos de descarga de RF (multipactor y corona) que pueden afectar a los componentes pasivos ubicados en las etapas de salida, cuya verificaci\u00f3n pr\u00e1ctica se acometer\u00e1 en uno de los citados laboratorios experimentales debidamente completado. Finalmente, en el seno del proyecto se tiene intenci\u00f3n de formar a j\u00f3venes investigadores y profesionales altamente cualificados en todos estos \u00e1mbitos de actuaci\u00f3n del competitivo sector espacial.<\/p>\n<p><\/p>","protected":false},"excerpt":{"rendered":"<p>T\u00edtulo del proyecto: Desarrollo Tecnol\u00f3gico Avanzado de Dispositivos Pasivos en Tecnolog\u00eda Guiada para Cargas \u00datiles de Sat\u00e9lites Entidad financiadora: CICYT (Comisi\u00f3n Interministerial de Ciencia y Tecnolog\u00eda) Ref. TEC2010-21520-C04-01\/TCM Entidades participantes: Grupo de Aplicaciones de Microondas (Universidad Polit\u00e9cnica de Valencia), Grupo &hellip;<\/p>\n<p class=\"read-more\"> <a class=\"more-link\" href=\"https:\/\/gam.webs.upv.es\/index.php\/lineas-de-investigacion\/desarrollo-tecnologico-avanzado-de-dispositivos-pasivos-en-tecnologia-guiada-para-cargas-utiles-de-satelites\/?lang=es\"> <span class=\"screen-reader-text\">Desarrollo Tecnol\u00f3gico Avanzado de Dispositivos Pasivos en Tecnolog\u00eda Guiada para Cargas \u00datiles de Sat\u00e9lites<\/span> Leer m\u00e1s \u00bb<\/a><\/p>\n","protected":false},"author":5,"featured_media":0,"parent":72,"menu_order":0,"comment_status":"closed","ping_status":"closed","template":"full-width-page.php","meta":{"footnotes":""},"class_list":["post-286","page","type-page","status-publish","hentry"],"_links":{"self":[{"href":"https:\/\/gam.webs.upv.es\/index.php\/wp-json\/wp\/v2\/pages\/286","targetHints":{"allow":["GET"]}}],"collection":[{"href":"https:\/\/gam.webs.upv.es\/index.php\/wp-json\/wp\/v2\/pages"}],"about":[{"href":"https:\/\/gam.webs.upv.es\/index.php\/wp-json\/wp\/v2\/types\/page"}],"author":[{"embeddable":true,"href":"https:\/\/gam.webs.upv.es\/index.php\/wp-json\/wp\/v2\/users\/5"}],"replies":[{"embeddable":true,"href":"https:\/\/gam.webs.upv.es\/index.php\/wp-json\/wp\/v2\/comments?post=286"}],"version-history":[{"count":4,"href":"https:\/\/gam.webs.upv.es\/index.php\/wp-json\/wp\/v2\/pages\/286\/revisions"}],"predecessor-version":[{"id":444,"href":"https:\/\/gam.webs.upv.es\/index.php\/wp-json\/wp\/v2\/pages\/286\/revisions\/444"}],"up":[{"embeddable":true,"href":"https:\/\/gam.webs.upv.es\/index.php\/wp-json\/wp\/v2\/pages\/72"}],"wp:attachment":[{"href":"https:\/\/gam.webs.upv.es\/index.php\/wp-json\/wp\/v2\/media?parent=286"}],"curies":[{"name":"wp","href":"https:\/\/api.w.org\/{rel}","templated":true}]}}