{"id":281,"date":"2012-10-27T06:53:21","date_gmt":"2012-10-27T06:53:21","guid":{"rendered":"http:\/\/gam.webs.upv.es\/?page_id=281"},"modified":"2024-01-29T11:41:15","modified_gmt":"2024-01-29T11:41:15","slug":"proyectos-finalizados","status":"publish","type":"page","link":"https:\/\/gam.webs.upv.es\/index.php\/proyectos\/proyectos-finalizados\/?lang=es","title":{"rendered":"Proyectos finalizados"},"content":{"rendered":"<p><\/p>\n<table class=\"aligncenter\" style=\"width: 900px;\" border=\"0\" align=\"center\">\n<tbody>\n<tr style=\"background-color: #f5f5f5;\">\n<td><strong>Financiaci\u00f3n<\/strong><\/td>\n<td style=\"width: 550px;\"><strong>T\u00edtulo<\/strong><\/td>\n<td><strong>Investigador Principal<\/strong><\/td>\n<\/tr>\n<tr>\n<td style=\"width: 140px;\">P\u00fablica &#8211; Auton\u00f3mica<\/td>\n<td style=\"width: 550px;\"><a title=\"Demostradores Tecnol\u00f3gicos Avanzados para Aplicaciones Espaciales Emergentes e Inclusivas en las bandas de Microondas y ondas Milim\u00e9tricas (SPADE-VLC)\" href=\"https:\/\/gam.webs.upv.es\/index.php\/proyectos\/proyectos-finalizados\/demostradores-tecnologicos-avanzados-para-aplicaciones-espaciales-emergentes-e-inclusivas-en-las-bandas-de-microondas-y-ondas-milimetricas-spade-vlc\/\">Demostradores Tecnol\u00f3gicos Avanzados para Aplicaciones Espaciales Emergentes e Inclusivas en las bandas de Microondas y ondas Milim\u00e9tricas (SPADE-VLC)<\/a><\/td>\n<td style=\"width: 210px;\">Dr. Vicente E. Boria Esbert<\/td>\n<\/tr>\n<tr style=\"background-color: #d3d3d3;\">\n<td style=\"width: 140px;\">P\u00fablica &#8211; Comisi\u00f3n Europea<\/td>\n<td style=\"width: 550px;\"><a title=\"Rel\u00e9 electromec\u00e1nico SMT compatible para anillo de redundancia compacto (SELECTOR)\" href=\"https:\/\/gam.webs.upv.es\/index.php\/proyectos\/proyectos-finalizados\/rele-electromecanico-smt-compatible-para-anillo-de-redundancia-compacto-selector\/\">Rel\u00e9 electromec\u00e1nico SMT compatible para anillo de redundancia compacto (SELECTOR)<\/a><\/td>\n<td style=\"width: 210px;\">Dr. Vicente E. Boria Esbert<\/td>\n<\/tr>\n<tr>\n<td style=\"width: 140px;\">P\u00fablica &#8211; Europea<\/td>\n<td style=\"width: 550px;\"><a title=\"Efficient Synthesis and Design of Reconfigurable MEMS-based Band-Pass Filters in SIW Technology (SIWTUNE)\" href=\"http:\/\/gam.webs.upv.es\/index.php\/proyectos\/proyectos-finalizados\/efficient-synthesis-and-design-of-reconfigurable-mems-based-band-pass-filters-in-siw-technology-siwtune\/\">Efficient Synthesis and Design of Reconfigurable MEMS-based Band-Pass&nbsp;Filters in SIW Technology (SIWTUNE)<\/a><\/td>\n<td>Dr. Vicente E. Boria Esbert<\/td>\n<\/tr>\n<tr style=\"background-color: #d3d3d3;\">\n<td>P\u00fablica &#8211; Nacional<\/td>\n<td><a title=\"Desarrollo Tecnol\u00f3gico Avanzado de Dispositivos Pasivos en Tecnolog\u00eda Guiada para Cargas \u00datiles de Sat\u00e9lites\" href=\"http:\/\/gam.webs.upv.es\/index.php\/lineas-de-investigacion\/desarrollo-tecnologico-avanzado-de-dispositivos-pasivos-en-tecnologia-guiada-para-cargas-utiles-de-satelites\/\">Desarrollo Tecnol\u00f3gico Avanzado de Dispositivos Pasivos&nbsp;en Tecnolog\u00eda Guiada para Cargas \u00datiles de Sat\u00e9lites<\/a><\/td>\n<td>Dr. Vicente E. Boria Esbert<\/td>\n<\/tr>\n<tr>\n<td>P\u00fablica &#8211; Nacional<\/td>\n<td><a title=\"Engineering Metamaterials\" href=\"http:\/\/gam.webs.upv.es\/index.php\/proyectos\/proyectos-finalizados\/engineering-metamaterials\/\">Engineering Metamaterials<\/a><\/td>\n<td>Dr. Vicente E. Boria Esbert<\/td>\n<\/tr>\n<tr style=\"background-color: #d3d3d3;\">\n<td>P\u00fablica &#8211; Auton\u00f3mical<\/td>\n<td><a title=\"Aplicaciones y Tecnolog\u00edas Espaciales en la Comunidad Valenciana (SPACE-CV)\" href=\"http:\/\/gam.webs.upv.es\/index.php\/proyectos\/proyectos-finalizados\/aplicaciones-y-tecnologias-espaciales-en-la-comunidad-valenciana-space-cv\/\">Aplicaciones y Tecnolog\u00edas Espaciales&nbsp;en la Comunidad Valenciana (SPACE-CV)<\/a><\/td>\n<td>Dr. Vicente E. Boria Esbert<\/td>\n<\/tr>\n<tr>\n<td>P\u00fablica &#8211; Auton\u00f3mica<\/td>\n<td><a title=\"Avances Tecnol\u00f3gicos en Circuitos de Microondas y Antenas para Sistemas de Comunicaciones Espaciales (TECNOSAT)\" href=\"http:\/\/gam.webs.upv.es\/index.php\/proyectos\/proyectos-finalizados\/avances-tecnologicos-en-circuitos-de-microondas-y-antenas-para-sistemas-de-comunicaciones-espaciales-tecnosat\/\">Avances Tecnol\u00f3gicos en Circuitos de Microondas y Antenas&nbsp;para Sistemas de Comunicaciones Espaciales (TECNOSAT)<\/a><\/td>\n<td>Dr. Vicente E. Boria Esbert<\/td>\n<\/tr>\n<tr style=\"background-color: #d3d3d3;\">\n<td>Privada &#8211; Europea<\/td>\n<td><a title=\"Evaluation and Validation of Electromagnetic Software, Test Facilities and Test Standard in Europe to Predict and Test RF Breakdown and Passive Intermodulation\" href=\"http:\/\/gam.webs.upv.es\/index.php\/proyectos\/proyectos-finalizados\/evaluation-and-validation-of-electromagnetic-software-test-facilities-and-test-standard-in-europe-to-predict-and-test-rf-breakdown-and-passive-intermodulation\/\">Evaluation and Validation of Electromagnetic Software, Test Facilities and&nbsp;Test Standard in Europe to Predict and Test RF Breakdown&nbsp;and Passive Intermodulation<\/a><\/td>\n<td>Dr. Vicente E. Boria Esbert<\/td>\n<\/tr>\n<tr>\n<td>Privada &#8211; Auton\u00f3mica<\/td>\n<td><a title=\"Investigaci\u00f3n y Desarrollo de una Herramienta CAD para la S\u00edntesis de Circuitos de Comunicaciones Compactos y de Altas Prestaciones basados en Metamateriales\" href=\"http:\/\/gam.webs.upv.es\/index.php\/proyectos\/proyectos-finalizados\/investigacion-y-desarrollo-de-una-herramienta-cad-para-la-sintesis-de-circuitos-de-comunicaciones-compactos-y-de-altas-prestaciones-basados-en-metamateriales\/\">Investigaci\u00f3n y Desarrollo de una Herramienta CAD para&nbsp;la S\u00edntesis de Circuitos de Comunicaciones Compactos y&nbsp;de Altas Prestaciones basados en Metamateriales<\/a><\/td>\n<td>Dr. Vicente E. Boria Esbert<\/td>\n<\/tr>\n<tr style=\"background-color: #d3d3d3;\">\n<td style=\"width: 140px;\">P\u00fablica &#8211; Europea<\/td>\n<td><a title=\"Nanogaps Sensors and Resonators (NanoSAR)\" href=\"http:\/\/gam.webs.upv.es\/index.php\/proyectos\/proyectos-finalizados\/\n\t-sensors-and-resonators-nanosar\/\">Nanogaps Sensors and Resonators (NanoSAR)<\/a><\/td>\n<td>Dr. Vicente E. Boria Esbert<\/td>\n<\/tr>\n<tr>\n<td>P\u00fablica &#8211; Europea<\/td>\n<td><a title=\"Modelling and Analysis of Dielectric Resonators for Microwave Applications (MADREMIA)\" href=\"http:\/\/gam.webs.upv.es\/index.php\/proyectos\/proyectos-finalizados\/modelling-and-analysis-of-dielectric-resonators-for-microwave-applications-madremia\/\">Modelling and Analysis of Dielectric Resonators&nbsp;for Microwave Applications (MADREMIA)<\/a><\/td>\n<td>Dr. Vicente E. Boria Esbert<\/td>\n<\/tr>\n<tr style=\"background-color: #d3d3d3;\">\n<td>P\u00fablica &#8211; Europea<\/td>\n<td><a title=\"Millimetre-wave and Microwave Components Design Framework for Ground and Space Multimedia Network\" href=\"http:\/\/gam.webs.upv.es\/index.php\/proyectos\/proyectos-finalizados\/millimetre-wave-and-microwave-components-design-framework-for-ground-and-space-multimedia-network\/\">Millimetre-wave and Microwave Components&nbsp;Design Framework for Ground and Space&nbsp;Multimedia Network<\/a><\/td>\n<td>Dr. Vicente E. Boria Esbert<\/td>\n<\/tr>\n<tr>\n<td>P\u00fablica &#8211; Nacional<\/td>\n<td><a title=\"Dise\u00f1o Eficiente de Dispositivos Pasivos de RF para Comunicaciones Espaciales mediante Nuevos Algoritmos de An\u00e1lisis Electromagn\u00e9tico Paralelizados\" href=\"http:\/\/gam.webs.upv.es\/index.php\/proyectos\/proyectos-finalizados\/diseno-eficiente-de-dispositivos-pasivos-de-rf-para-comunicaciones-espaciales-mediante-nuevos-algoritmos-de-analisis-electromagnetico-paralelizados\/\">Dise\u00f1o Eficiente de Dispositivos Pasivos de RF&nbsp;para Comunicaciones Espaciales mediante Nuevos&nbsp;Algoritmos de An\u00e1lisis Electromagn\u00e9tico Paralelizados<\/a><\/td>\n<td>Dr. Vicente E. Boria Esbert<\/td>\n<\/tr>\n<tr style=\"background-color: #d3d3d3;\">\n<td>P\u00fablica &#8211; Nacional<\/td>\n<td><a title=\"Nuevas Topolog\u00edas Compactas de Filtros y Multiplexores en Gu\u00eda de Onda para Aplicaciones Espaciales\" href=\"http:\/\/gam.webs.upv.es\/index.php\/proyectos\/proyectos-finalizados\/nuevas-topologias-compactas-de-filtros-y-multiplexores-en-guia-de-onda-para-aplicaciones-espaciales\/\">Nuevas Topolog\u00edas Compactas de Filtros y Multiplexores&nbsp;en Gu\u00eda de Onda para Aplicaciones Espaciales<\/a><\/td>\n<td>Dr. Vicente E. Boria Esbert<\/td>\n<\/tr>\n<tr>\n<td>P\u00fablica &#8211; Nacional<\/td>\n<td><a title=\"An\u00e1lisis y Dise\u00f1o Automatizado de Nuevos Componentes Pasivos en Tecnolog\u00edas Guiada y Micro-Electro-Mec\u00e1nica con Materiales Diel\u00e9ctricos y Peri\u00f3dicos mediante T\u00e9cnicas H\u00edbridas\" href=\"http:\/\/gam.webs.upv.es\/index.php\/proyectos\/proyectos-finalizados\/analisis-y-diseno-automatizado-de-nuevos-componentes-pasivos-en-tecnologias-guiada-y-micro-electro-mecanica-con-materiales-dielectricos-y-periodicos-mediante-tecnicas-hibridas\/\">An\u00e1lisis y Dise\u00f1o Automatizado de Nuevos Componentes&nbsp;Pasivos en Tecnolog\u00edas Guiada y Micro-Electro-Mec\u00e1nica&nbsp;con Materiales Diel\u00e9ctricos y Peri\u00f3dicos mediante&nbsp;T\u00e9cnicas H\u00edbridas<\/a><\/td>\n<td>Dr. Vicente E. Boria Esbert<\/td>\n<\/tr>\n<tr style=\"background-color: #d3d3d3;\">\n<td>P\u00fablica &#8211; Nacional<\/td>\n<td><a title=\"Caracterizaci\u00f3n Modal de Gu\u00edas de Secci\u00f3n Transversal Arbitraria para An\u00e1lisis y Dise\u00f1o de Dispositivos Pasivos de Microondas empleados en el Sector Espacio\" href=\"http:\/\/gam.webs.upv.es\/index.php\/proyectos\/proyectos-finalizados\/caracterizacion-modal-de-guias-de-seccion-transversal\/\">Caracterizaci\u00f3n Modal de Gu\u00edas de Secci\u00f3n Transversal&nbsp;Arbitraria para An\u00e1lisis y Dise\u00f1o de Dispositivos Pasivos&nbsp;de Microondas empleados en el Sector Espacio<\/a><\/td>\n<td>Dr. Vicente E. Boria Esbert<\/td>\n<\/tr>\n<tr>\n<td>P\u00fablica &#8211; Nacional<\/td>\n<td><a title=\"An\u00e1lisis y Dise\u00f1o de Componentes Pasivos de Microondas y Milim\u00e9tricas en Gu\u00edaonda\" href=\"http:\/\/gam.webs.upv.es\/index.php\/proyectos\/proyectos-finalizados\/analisis-y-diseno-de-componentes-pasivos-de-microondas-y-milimetricas-en-guiaonda\/\">An\u00e1lisis y Dise\u00f1o de Componentes Pasivos&nbsp;de Microondas y Milim\u00e9tricas en Gu\u00edaonda<\/a><\/td>\n<td>&nbsp;Dr. Vicente E. Boria Esbert<\/td>\n<\/tr>\n<tr style=\"background-color: #d3d3d3;\">\n<td>P\u00fablica &#8211; Auton\u00f3mica<\/td>\n<td><a title=\"Predicci\u00f3n de Efectos de Descarga (Multipactor) en Componentes Pasivos de Microondas y Aplicaci\u00f3n al Dise\u00f1o de Filtros \u00d3ptimos para Sistemas Espaciales\" href=\"http:\/\/gam.webs.upv.es\/index.php\/proyectos\/proyectos-finalizados\/prediccion-de-efectos-de-descarga-multipactor-en-componentes-pasivos-de-microondas-y-aplicacion-al-diseno-de-filtros-optimos-para-sistemas-espaciales\/\">Predicci\u00f3n de Efectos de Descarga (Multipactor)&nbsp;en Componentes Pasivos de Microondas y Aplicaci\u00f3n&nbsp;al Dise\u00f1o de Filtros \u00d3ptimos para Sistemas Espaciales<\/a><\/td>\n<td>&nbsp;Dr. Vicente E. Boria Esbert<\/td>\n<\/tr>\n<tr>\n<td>P\u00fablica &#8211; Auton\u00f3mica<\/td>\n<td><a title=\"An\u00e1lisis y Dise\u00f1o Eficiente de Filtros con Resonadores Diel\u00e9ctricos para Comunicaciones Espaciales\" href=\"http:\/\/gam.webs.upv.es\/index.php\/proyectos\/proyectos-finalizados\/analisis-y-diseno-eficiente-de-filtros-con-resonadores-dielectricos-para-comunicaciones-espaciales\/\">An\u00e1lisis y Dise\u00f1o Eficiente de Filtros con Resonadores&nbsp;Diel\u00e9ctricos para Comunicaciones Espaciales<\/a><\/td>\n<td>&nbsp;Dr. Vicente E. Boria Esbert<\/td>\n<\/tr>\n<tr style=\"background-color: #d3d3d3;\">\n<td>P\u00fablica &#8211; Auton\u00f3mica<\/td>\n<td><a title=\"Dise\u00f1o Optimizado de Circuitos Pasivos de Alta Frecuencia basados en Nuevos Materiales mediante Mapeo Espacial y Redes Neuronales\" href=\"http:\/\/gam.webs.upv.es\/index.php\/proyectos\/proyectos-finalizados\/diseno-optimizado-de-circuitos-pasivos-de-alta-frecuencia-basados-en-nuevos-materiales-mediante-mapeo-espacial-y-redes-neuronales\/\">Dise\u00f1o Optimizado de Circuitos Pasivos de Alta&nbsp;Frecuencia basados en Nuevos Materiales&nbsp;mediante Mapeo Espacial y Redes Neuronales<\/a><\/td>\n<td>&nbsp;Dr. Vicente E. Boria Esbert<\/td>\n<\/tr>\n<tr>\n<td>P\u00fablica &#8211; Auton\u00f3mica<\/td>\n<td><a title=\"An\u00e1lisis y Dise\u00f1o Optimizado de Dispositivos Pasivos de Microondas con Excitaci\u00f3n Coaxial\" href=\"http:\/\/gam.webs.upv.es\/index.php\/proyectos\/proyectos-finalizados\/analisis-y-diseno-optimizado-de-dispositivos-pasivos-de-microondas-con-excitacion-coaxial\/\">An\u00e1lisis y Dise\u00f1o Optimizado de Dispositivos Pasivos&nbsp;de Microondas con Excitaci\u00f3n Coaxial<\/a><\/td>\n<td>&nbsp;Dr. Vicente E. Boria Esbert<\/td>\n<\/tr>\n<tr style=\"background-color: #d3d3d3;\">\n<td>P\u00fablica &#8211; Auton\u00f3mica<\/td>\n<td><a title=\"Dise\u00f1o Eficiente y Optimizado de Estructuras Pasivas de Microondas\" href=\"http:\/\/gam.webs.upv.es\/index.php\/proyectos\/proyectos-finalizados\/diseno-eficiente-y-optimizado-de-estructuras-pasivas-de-microondas\/\">Dise\u00f1o Eficiente y Optimizado de Estructuras&nbsp;Pasivas de Microondas<\/a><\/td>\n<td>&nbsp;Dr. Vicente E. Boria Esbert<\/td>\n<\/tr>\n<tr>\n<td>P\u00fablica &#8211; Auton\u00f3mica<\/td>\n<td><a title=\"Dise\u00f1o Eficiente de Dispositivos Pasivos de RF para Comunicaciones Espaciales mediante Nuevos Algoritmos de An\u00e1lisis Electromagn\u00e9tico Paralelizados\" href=\"http:\/\/gam.webs.upv.es\/index.php\/proyectos\/proyectos-finalizados\/diseno-eficiente-de-dispositivos-pasivos-de-rf-para-comunicaciones-espaciales-mediante-nuevos-algoritmos-de-analisis-electromagnetico-paralelizados-2\/\">Dise\u00f1o Eficiente de Dispositivos Pasivos de RF&nbsp;para Comunicaciones Espaciales mediante Nuevos&nbsp;Algoritmos de An\u00e1lisis Electromagn\u00e9tico Paralelizados<\/a><\/td>\n<td>&nbsp;Dr. Vicente E. Boria Esbert<\/td>\n<\/tr>\n<tr style=\"background-color: #d3d3d3;\">\n<td>Privada &#8211; Nacional<\/td>\n<td><a title=\"Estudio y Dise\u00f1o de un Conmutador y Varactor RF MEMS Aplicado a Circuitos Activos de Microondas\" href=\"http:\/\/gam.webs.upv.es\/index.php\/proyectos\/proyectos-finalizados\/estudio-y-diseno-de-un-conmutador-y-varactor-rf-mems-aplicado-a-circuitos-activos-de-microondas\/\">Estudio y Dise\u00f1o de un Conmutador y Varactor&nbsp;RF MEMS Aplicado a Circuitos Activos de Microondas<\/a><\/td>\n<td>&nbsp;Dr. Vicente E. Boria Esbert<\/td>\n<\/tr>\n<tr>\n<td>Privada &#8211; Auton\u00f3mica<\/td>\n<td><a title=\"Herramientas CAD para el Dise\u00f1o y Desarrollo de Nuevos Equipos de Comunicaciones por Sat\u00e9lite\" href=\"http:\/\/gam.webs.upv.es\/index.php\/proyectos\/proyectos-finalizados\/herramientas-cad-para-el-diseno-y-desarrollo-de-nuevos-equipos-de-comunicaciones-por-satelite\/\">Herramientas CAD para el Dise\u00f1o y Desarrollo de&nbsp;Nuevos Equipos de Comunicaciones por Sat\u00e9lite<\/a><\/td>\n<td>&nbsp;Dr. Vicente E. Boria Esbert<\/td>\n<\/tr>\n<tr style=\"background-color: #d3d3d3;\">\n<td>Privada &#8211; Auton\u00f3mica<\/td>\n<td><a title=\"S-Band PIM Test-Bed Design\" href=\"http:\/\/gam.webs.upv.es\/index.php\/proyectos\/proyectos-finalizados\/s-band-pim-test-bed-design\/\">S-Band PIM Test-Bed Design<\/a><\/td>\n<td>&nbsp;Dr. Vicente E. Boria Esbert<\/td>\n<\/tr>\n<tr>\n<td>Privada &#8211; Auton\u00f3mica<\/td>\n<td><a title=\"An\u00e1lisis Electromagn\u00e9tico de Cavidades Rectangulares con Apertura Multipuerto\" href=\"http:\/\/gam.webs.upv.es\/index.php\/proyectos\/proyectos-finalizados\/analisis-electromagnetico-de-cavidades-rectangulares-con-apertura-multipuerto\/\">An\u00e1lisis Electromagn\u00e9tico de Cavidades&nbsp;Rectangulares con Apertura Multipuerto<\/a><\/td>\n<td>&nbsp;Dr. Vicente E. Boria Esbert<\/td>\n<\/tr>\n<tr style=\"background-color: #d3d3d3;\">\n<td>Privada &#8211; Auton\u00f3mica<\/td>\n<td><a title=\"Computaci\u00f3n de los Campos Electromagn\u00e9ticos de Dispositivos RF en Gu\u00eda-onda con Geometr\u00eda Arbitraria\" href=\"http:\/\/gam.webs.upv.es\/index.php\/proyectos\/proyectos-finalizados\/computacion-de-los-campos-electromagneticos-de-dispositivos-rf-en-guia-onda-con-geometria-arbitraria\/\">Computaci\u00f3n de los Campos Electromagn\u00e9ticos&nbsp;de Dispositivos RF en Gu\u00eda-onda&nbsp;con Geometr\u00eda Arbitraria<\/a><\/td>\n<td>&nbsp;Dr. Vicente E. Boria Esbert<\/td>\n<\/tr>\n<tr>\n<td>Privada &#8211; Auton\u00f3mica<\/td>\n<td><a title=\"RF Breakdown in Multicarrier Systems\" href=\"http:\/\/gam.webs.upv.es\/index.php\/proyectos\/proyectos-finalizados\/rf-breakdown-in-multicarrier-systems\/\">RF Breakdown in Multicarrier Systems<\/a><\/td>\n<td>&nbsp;Dr. Vicente E. Boria Esbert<\/td>\n<\/tr>\n<tr style=\"background-color: #d3d3d3;\">\n<td>Privada &#8211; Auton\u00f3mica<\/td>\n<td><a title=\"Desarrollo de Herramientas Inform\u00e1ticas para Predecir el Efecto Multipactor en Gu\u00edas Coaxiales de Comunicaci\u00f3n Espacial por Sat\u00e9lite\" href=\"http:\/\/gam.webs.upv.es\/index.php\/proyectos\/proyectos-finalizados\/desarrollo-de-herramientas-informaticas-para-predecir-el-efecto-multipactor-en-guias-coaxiales-de-comunicacion-espacial-por-satelite\/\">Desarrollo de Herramientas Inform\u00e1ticas para Predecir&nbsp;el Efecto Multipactor en Gu\u00edas Coaxiales&nbsp;de Comunicaci\u00f3n Espacial por Sat\u00e9lite<\/a><\/td>\n<td>&nbsp;Dr. Vicente E. Boria Esbert<\/td>\n<\/tr>\n<tr>\n<td>Privada &#8211; Nacional<\/td>\n<td><a title=\"Herramienta de An\u00e1lisis y Dise\u00f1o de Filtros en Tecnolog\u00eda Guiada con Resonadores en Configuraci\u00f3n Comb-Line\" href=\"http:\/\/gam.webs.upv.es\/index.php\/proyectos\/proyectos-finalizados\/herramienta-de-analisis-y-diseno-de-filtros-en-tecnologia-guiada-con-resonadores-en-configuracion-comb-line\/\">Herramienta de An\u00e1lisis y Dise\u00f1o de Filtros&nbsp;en Tecnolog\u00eda Guiada con Resonadores&nbsp;en Configuraci\u00f3n Comb-Line<\/a><\/td>\n<td>&nbsp;Dr. Vicente E. Boria Esbert<\/td>\n<\/tr>\n<tr style=\"background-color: #d3d3d3;\">\n<td>Privada &#8211; Europea<\/td>\n<td><a title=\"CAD Tools for Passive Microwave Components\" href=\"http:\/\/gam.webs.upv.es\/index.php\/proyectos\/proyectos-finalizados\/cad-tools-for-passive-microwave-components\/\">CAD Tools for Passive Microwave Components<\/a><\/td>\n<td>&nbsp;Dr. Vicente E. Boria Esbert<\/td>\n<\/tr>\n<tr>\n<td>Privada &#8211; Europea<\/td>\n<td><a title=\"CAD Tool for Dual Mode Filters in Rectangular Waveguide Technology\" href=\"http:\/\/gam.webs.upv.es\/index.php\/proyectos\/proyectos-finalizados\/cad-tool-for-dual-mode-filters-in-rectangular-waveguide-technology\/\">CAD Tool for Dual Mode Filters in Rectangular&nbsp;Waveguide Technology<\/a><\/td>\n<td>&nbsp;Dr. Vicente E. Boria Esbert<\/td>\n<\/tr>\n<tr style=\"background-color: #d3d3d3;\">\n<td>Privada &#8211; Nacional<\/td>\n<td><a title=\"Automatizaci\u00f3n del Dise\u00f1o de Filtros\" href=\"http:\/\/gam.webs.upv.es\/index.php\/proyectos\/proyectos-finalizados\/automatizacion-del-diseno-de-filtros\/\">Automatizaci\u00f3n del Dise\u00f1o de Filtros<\/a><\/td>\n<td>&nbsp;Dr. Vicente E. Boria Esbert<\/td>\n<\/tr>\n<tr>\n<td>Privada &#8211; Europea<\/td>\n<td><a title=\"Analysis of H- and E-plane T-junctions in Rectangular Waveguides with Rounded Corners and Applications\" href=\"http:\/\/gam.webs.upv.es\/index.php\/proyectos\/proyectos-finalizados\/analysis-of-h-and-e-plane-t-junctions-in-rectangular-waveguides-with-rounded-corners-and-applications\/\">Analysis of H- and E-plane T-junctions in Rectangular&nbsp;Waveguides with Rounded Corners and Applications<\/a><\/td>\n<td>&nbsp;Dr. Vicente E. Boria Esbert<\/td>\n<\/tr>\n<tr style=\"background-color: #d3d3d3;\">\n<td>P\u00fablica &#8211; Auton\u00f3mica<\/td>\n<td><a title=\"Valorizaci\u00f3n de un m\u00e9todo de fabricaci\u00f3n 3D, metalizacion e integraci\u00f3n de dispositivos de alta frecencia\" href=\"https:\/\/gam.webs.upv.es\/index.php\/proyectos\/proyectos-finalizados\/alfrec3d\/\">Valorizaci\u00f3n de un m\u00e9todo de fabricaci\u00f3n 3D, metalizacion e integraci\u00f3n de dispositivos de alta frecencia<\/a><\/td>\n<td>&nbsp;Dr. Carmen Bachiller<\/td>\n<\/tr>\n<tr>\n<tr>\n<td style=\"width: 140px;\">P\u00fablica &#8211; Nacional<\/td>\n<td style=\"width: 550px;\"><a title=\"Dise\u00f1o avanzado de nuevos componentes de alta frecuencia en tecnolog\u00edas de gu\u00eda de onda compacta para futuros sat\u00e9lites de comunicaciones (GUIDESAT)\" href=\"https:\/\/gam.webs.upv.es\/index.php\/proyectos\/proyectos-finalizados\/diseno-avanzado-de-nuevos-componentes-de-alta-frecuencia-en-tecnologias-de-guia-de-onda-compacta-para-futuros-satelites-de-telecomunicaciones-guidesat\/\">Dise\u00f1o avanzado de nuevos componentes de alta frecuencia en tecnolog\u00edas de gu\u00eda de onda compacta para futuros sat\u00e9lites de comunicaciones (GUIDESAT)<\/a><\/td>\n<td style=\"width: 210px;\">Dr. Vicente E. Boria Esbert<\/td>\n<\/tr>\n<tr style=\"background-color: #d3d3d3;\">\n<td style=\"width: 140px;\">P\u00fablica &#8211; Comisi\u00f3n Europea<\/td>\n<td style=\"width: 550px;\"><a title=\"Tecnolog\u00edas avanzadas para las futuras aplicaciones europeas de sat\u00e9lites (TESLA)\" href=\"https:\/\/gam.webs.upv.es\/index.php\/proyectos\/proyectos-finalizados\/tecnologias-avanzadas-para-las-futuras-aplicaciones-europeas-de-satelites-tesla\/\">Tecnolog\u00edas avanzadas para las futuras aplicaciones europeas de sat\u00e9lites (TESLA)<\/a><\/td>\n<td style=\"width: 210px;\">Dr. Vicente E. Boria Esbert<\/td>\n<\/tr>\n<\/tbody>\n<\/table>\n<p><\/p>","protected":false},"excerpt":{"rendered":"<p>Financiaci\u00f3n T\u00edtulo Investigador Principal P\u00fablica &#8211; Auton\u00f3mica Demostradores Tecnol\u00f3gicos Avanzados para Aplicaciones Espaciales Emergentes e Inclusivas en las bandas de Microondas y ondas Milim\u00e9tricas (SPADE-VLC) Dr. Vicente E. Boria Esbert P\u00fablica &#8211; Comisi\u00f3n Europea Rel\u00e9 electromec\u00e1nico SMT compatible para anillo &hellip;<\/p>\n<p class=\"read-more\"> <a class=\"more-link\" href=\"https:\/\/gam.webs.upv.es\/index.php\/proyectos\/proyectos-finalizados\/?lang=es\"> <span class=\"screen-reader-text\">Proyectos finalizados<\/span> Leer m\u00e1s \u00bb<\/a><\/p>\n","protected":false},"author":5,"featured_media":0,"parent":84,"menu_order":0,"comment_status":"closed","ping_status":"closed","template":"full-width-page.php","meta":{"footnotes":""},"class_list":["post-281","page","type-page","status-publish","hentry"],"_links":{"self":[{"href":"https:\/\/gam.webs.upv.es\/index.php\/wp-json\/wp\/v2\/pages\/281","targetHints":{"allow":["GET"]}}],"collection":[{"href":"https:\/\/gam.webs.upv.es\/index.php\/wp-json\/wp\/v2\/pages"}],"about":[{"href":"https:\/\/gam.webs.upv.es\/index.php\/wp-json\/wp\/v2\/types\/page"}],"author":[{"embeddable":true,"href":"https:\/\/gam.webs.upv.es\/index.php\/wp-json\/wp\/v2\/users\/5"}],"replies":[{"embeddable":true,"href":"https:\/\/gam.webs.upv.es\/index.php\/wp-json\/wp\/v2\/comments?post=281"}],"version-history":[{"count":24,"href":"https:\/\/gam.webs.upv.es\/index.php\/wp-json\/wp\/v2\/pages\/281\/revisions"}],"predecessor-version":[{"id":1645,"href":"https:\/\/gam.webs.upv.es\/index.php\/wp-json\/wp\/v2\/pages\/281\/revisions\/1645"}],"up":[{"embeddable":true,"href":"https:\/\/gam.webs.upv.es\/index.php\/wp-json\/wp\/v2\/pages\/84"}],"wp:attachment":[{"href":"https:\/\/gam.webs.upv.es\/index.php\/wp-json\/wp\/v2\/media?parent=281"}],"curies":[{"name":"wp","href":"https:\/\/api.w.org\/{rel}","templated":true}]}}