{"id":276,"date":"2012-10-27T06:51:04","date_gmt":"2012-10-27T06:51:04","guid":{"rendered":"http:\/\/gam.webs.upv.es\/?page_id=276"},"modified":"2024-01-29T14:21:43","modified_gmt":"2024-01-29T14:21:43","slug":"proyectos-vigentes","status":"publish","type":"page","link":"https:\/\/gam.webs.upv.es\/index.php\/proyectos\/proyectos-vigentes\/?lang=es","title":{"rendered":"Proyectos vigentes"},"content":{"rendered":"<p>&nbsp;<\/p>\n<table class=\"aligncenter\" style=\"width: 900px;\" border=\"0\" align=\"center\">\n<tbody>\n<tr style=\"background-color: #f5f5f5;\">\n<td style=\"width: 140px;\"><strong>Financiaci\u00f3n<\/strong><\/td>\n<td style=\"width: 550px;\"><strong>T\u00edtulo<\/strong><\/td>\n<td style=\"width: 210px;\"><strong>Investigador Principal<\/strong><\/td>\n<\/tr>\n<tr style=\"background-color: #d3d3d3;\">\n<td style=\"width: 140px;\">P\u00fablica &#8211; Auton\u00f3mica<\/td>\n<td style=\"width: 550px;\"><a title= \"Mini-plataforma de sat\u00e9lite de altas prestaciones computacionales para aplicaciones de inteligencia artificial en el borde (Edge AI) desde el espacio\" href=\"https:\/\/gam.webs.upv.es\/index.php\/proyectos\/proyectos-vigentes\/mini-plataforma-de-satelite-de-altas-prestaciones-computacionales-para-aplicaciones-de-inteligencia-artificial-en-el-borde-edge-ai-desde-el-espacio\/?lang=es\"> Mini-plataforma de sat\u00e9lite de altas prestaciones computacionales para aplicaciones de inteligencia artificial en el borde (Edge AI) desde el espacio<\/a><\/td>\n<td style=\"width: 210px;\">Dr. Vicente E. Boria Esbert<\/td>\n<\/tr>\n<tr>\n<td style=\"width: 140px;\">P\u00fablica &#8211; Nacional<\/td>\n<td style=\"width: 550px;\"><a title=\"Dise\u00f1o, integraci\u00f3n, verificaci\u00f3n, lanzamiento y operaciones de un CubeSat para Aplicaciones de Astrof\u00edsica y Observaci\u00f3n de la Tierra (POLITECH-1)\" href=\"https:\/\/gam.webs.upv.es\/index.php\/proyectos\/proyectos-vigentes\/diseno-integracion-verificacion-lanzamiento-y-operaciones-de-un-cubesat-para-aplicaciones-de-astrofisica-y-observacion-de-la-tierra-politech-1design-integration-verification-launch-and-operati\/\">Dise\u00f1o, integraci\u00f3n, verificaci\u00f3n, lanzamiento y operaciones de un CubeSat para Aplicaciones de Astrof\u00edsica y Observaci\u00f3n de la Tierra (POLITECH-1)<\/a><\/td>\n<td style=\"width: 210px;\">Dr. Vicente E. Boria Esbert<\/td>\n<\/tr>\n<tr style=\"background-color: #d3d3d3;\">\n<td style=\"width: 140px;\">P\u00fablica &#8211; Nacional<\/td>\n<td style=\"width: 550px;\"><a title=\"Demostrador Tecnol\u00f3gico de Nuevos Radioenlaces entre Peque\u00f1os Sat\u00e9lites y Estaciones Terrestres para Aplicaciones Digitales Avanzadas (CHILD-SAT)\" href=\"https:\/\/gam.webs.upv.es\/index.php\/proyectos\/proyectos-vigentes\/demostrador-tecnologico-de-nuevos-radioenlaces-entre-pequenos-satelits-y-estaciones-terrestres-para-aplicaciones-digitales-avanzadas-child-sattechnological-demonstrator-of-new-radio-links-between-sa\/\">Demostrador Tecnol\u00f3gico de Nuevos Radioenlaces entre Peque\u00f1os Sat\u00e9lites y Estaciones Terrestres para Aplicaciones Digitales Avanzadas (CHILD-SAT)<\/a><\/td>\n<td style=\"width: 210px;\">Dr. Vicente E. Boria Esbert<\/td>\n<\/tr>\n<tr>\n<td style=\"width: 140px;\">P\u00fablica &#8211; Auton\u00f3mica<\/td>\n<td style=\"width: 550px;\"><a title=\"Desarrollo de dispositivos de comunicaciones de alta frecuencia utilizando tecnolog\u00edas avanzadas de fabricaci\u00f3n aditiva y metalizado\" href=\"https:\/\/gam.webs.upv.es\/index.php\/proyectos\/proyectos-vigentes\/caftam\/\">Desarrollo de dispositivos de comunicaciones de alta frecuencia utilizando tecnolog\u00edas avanzadas de fabricaci\u00f3n aditiva y metalizado (CAFTAM)<\/a><\/td>\n<td style=\"width: 210px;\">Dr. Carmen Bachiller<\/td>\n<\/tr>\n<tr style=\"background-color: #d3d3d3;\">\n<td style=\"width: 140px;\">P\u00fablica &#8211; Nacional<\/td>\n<td style=\"width: 550px;\"><a title=\"Avances en Tecnolog\u00edas Guiadas para los Pr\u00f3ximos Equipos de Comunicaciones por Sat\u00e9lite (ADWASAT)\" href=\"https:\/\/gam.webs.upv.es\/index.php\/proyectos\/proyectos-vigentes\/adwasat\/\">Avances en Tecnolog\u00edas Guiadas para los Pr\u00f3ximos Equipos de Comunicaciones por Sat\u00e9lite (ADWASAT)<\/a><\/td>\n<td style=\"width: 210px;\">Dr. Vicente E. Boria Esbert<\/td>\n<\/tr>\n<td style=\"width: 140px;\">P\u00fablica &#8211; Auton\u00f3mica<\/td>\n<td style=\"width: 550px;\"><a title=\"Futuras Investigaciones sobre Tecnolog\u00edas Emergentes de Alta Frecuencia para Sistemas de Comunicaci\u00f3n por Sat\u00e9lite de Pr\u00f3xima Generaci\u00f3n (FURTHER-SAT)\" href=\"https:\/\/gam.webs.upv.es\/index.php\/proyectos\/proyectos-vigentes\/further-sat\/\">Futuras Investigaciones sobre Tecnolog\u00edas Emergentes de Alta Frecuencia para Sistemas de Comunicaci\u00f3n por Sat\u00e9lite de Pr\u00f3xima Generaci\u00f3n (FURTHER-SAT)<\/a><\/td>\n<td style=\"width: 210px;\">Dr. Vicente E. Boria Esbert<\/td>\n<\/tr>\n<\/tbody>\n<\/table>\n<p><\/p>","protected":false},"excerpt":{"rendered":"<p>&nbsp; Financiaci\u00f3n T\u00edtulo Investigador Principal P\u00fablica &#8211; Auton\u00f3mica Mini-plataforma de sat\u00e9lite de altas prestaciones computacionales para aplicaciones de inteligencia artificial en el borde (Edge AI) desde el espacio Dr. Vicente E. Boria Esbert P\u00fablica &#8211; Nacional Dise\u00f1o, integraci\u00f3n, verificaci\u00f3n, lanzamiento &hellip;<\/p>\n<p class=\"read-more\"> <a class=\"more-link\" href=\"https:\/\/gam.webs.upv.es\/index.php\/proyectos\/proyectos-vigentes\/?lang=es\"> <span class=\"screen-reader-text\">Proyectos vigentes<\/span> Leer m\u00e1s \u00bb<\/a><\/p>\n","protected":false},"author":5,"featured_media":0,"parent":84,"menu_order":0,"comment_status":"closed","ping_status":"closed","template":"full-width-page.php","meta":{"footnotes":""},"class_list":["post-276","page","type-page","status-publish","hentry"],"_links":{"self":[{"href":"https:\/\/gam.webs.upv.es\/index.php\/wp-json\/wp\/v2\/pages\/276","targetHints":{"allow":["GET"]}}],"collection":[{"href":"https:\/\/gam.webs.upv.es\/index.php\/wp-json\/wp\/v2\/pages"}],"about":[{"href":"https:\/\/gam.webs.upv.es\/index.php\/wp-json\/wp\/v2\/types\/page"}],"author":[{"embeddable":true,"href":"https:\/\/gam.webs.upv.es\/index.php\/wp-json\/wp\/v2\/users\/5"}],"replies":[{"embeddable":true,"href":"https:\/\/gam.webs.upv.es\/index.php\/wp-json\/wp\/v2\/comments?post=276"}],"version-history":[{"count":53,"href":"https:\/\/gam.webs.upv.es\/index.php\/wp-json\/wp\/v2\/pages\/276\/revisions"}],"predecessor-version":[{"id":1682,"href":"https:\/\/gam.webs.upv.es\/index.php\/wp-json\/wp\/v2\/pages\/276\/revisions\/1682"}],"up":[{"embeddable":true,"href":"https:\/\/gam.webs.upv.es\/index.php\/wp-json\/wp\/v2\/pages\/84"}],"wp:attachment":[{"href":"https:\/\/gam.webs.upv.es\/index.php\/wp-json\/wp\/v2\/media?parent=276"}],"curies":[{"name":"wp","href":"https:\/\/api.w.org\/{rel}","templated":true}]}}