{"id":1653,"date":"2024-01-29T12:07:41","date_gmt":"2024-01-29T12:07:41","guid":{"rendered":"https:\/\/gam.webs.upv.es\/?page_id=1653"},"modified":"2024-01-29T13:53:19","modified_gmt":"2024-01-29T13:53:19","slug":"adwasat","status":"publish","type":"page","link":"https:\/\/gam.webs.upv.es\/index.php\/proyectos\/proyectos-vigentes\/adwasat\/?lang=es","title":{"rendered":"AVANCES EN TECNOLOGIAS GUIADAS PARA LOS PROXIMOS EQUIPOS DE COMUNICACIONES POR SATELITE (ADWASAT)"},"content":{"rendered":"<p><strong>T\u00edtulo del proyecto:<\/strong>Avances en Tecnolog\u00edas Guiadas para los Pr\u00f3ximos Equipos de Comunicaciones por Sat\u00e9lite<br \/>\n<strong>Acr\u00f3nimo:<\/strong> ADWASAT<br \/>\n<strong>Ref:<\/strong> PID2022-136590OB-C41<br \/>\n<strong>Entidades participantes:<\/strong> Grupo de Aplicaciones de Microondas (Universidad Polit\u00e9cnica de Valencia), Grupo de Electromagnetismo Aplicado a las Telecomunicaciones (Universidad Polit\u00e9cnica de Cartagena), Grupo de Sistemas de Radiofrecuencia (Universidad de Alicante), Grupo de Electromagnetismo Aplicado (Universidad de Castilla La Mancha)<br \/>\n<strong>Duraci\u00f3n:<\/strong> 01\/06\/2020 &#8211; 30\/11\/2023<br \/>\n<strong>Investigador responsable:<\/strong> Dr. Vicente E. Boria Esbert<\/p>\n<p><strong>Breve Descripci\u00f3n del Proyecto: <\/strong> FLos sistemas de comunicaciones espaciales son un activo clave para soportar los servicios y aplicaciones m\u00e1s relevantes de cualquier Sociedad Digital moderna. Entre ellos est\u00e1n los servicios de telecomunicaciones instant\u00e1neos y ubicuos (voz de alta calidad, datos a alta velocidad o difusi\u00f3n de radio y televisi\u00f3n), sistemas globales de radionavegaci\u00f3n por sat\u00e9lite (Galileo en Europa y GPS en EE. UU.), as\u00ed como los programas de observaci\u00f3n de la Tierra (como Copernicus y Living Planet, financiados por la Comisi\u00f3n Europea -CE- y la Agencia Espacial Europea -ESA) orientados a la seguridad, estudio del medio ambiente y del cambio clim\u00e1tico. Incluso las recientes redes de telefon\u00eda m\u00f3vil terrestre 5G y 6G se ver\u00e1n reforzadas a trav\u00e9s de una infraestructura basada en sat\u00e9lites. Como resultado, los ciudadanos de todo el mundo (y en particular los europeos y espa\u00f1oles) se benefician enormemente en t\u00e9rminos de crecimiento econ\u00f3mico, bienestar social y avances cient\u00edficos y tecnol\u00f3gicos.<\/p>\n<p>En la actualidad, el Programa Espacial Europeo est\u00e1 siendo impulsado (por la ESA, la CE y el sector industrial) a trav\u00e9s de sat\u00e9lites de pr\u00f3xima generaci\u00f3n al servicio de importantes proyectos espaciales: la segunda generaci\u00f3n de Galileo y la tercera generaci\u00f3n de METEOSAT, las pr\u00f3ximas cinco misiones Sentinel y el sat\u00e9lite EarthCARE de los programas Copernicus y Living Planet, y las nuevas l\u00edneas de producto en sat\u00e9lites de telecomunicaciones denominadas Spacebus y Eurostar Neo. Adem\u00e1s, las mega constelaciones de peque\u00f1os sat\u00e9lites (proyectos SpaceX y OneWeb) que brindan conectividad global a Internet est\u00e1n en plena expansi\u00f3n. Y todo gracias al establecimiento de enlaces avanzados de comunicaci\u00f3n por sat\u00e9lite, basados en nuevos equipos de alta frecuencia (componentes pasivos y antenas) que utilizar\u00e1n tecnolog\u00edas emergentes.<\/p>\n<p>Por lo tanto, como tambi\u00e9n sugieren los principales actores del sector espacial (la ESA, as\u00ed como empresas multinacionales y espa\u00f1olas), se deben idear y dise\u00f1ar soluciones novedosas para dispositivos pasivos de alta frecuencia y elementos radiantes. Estos nuevos equipos tendr\u00e1n que abordar desaf\u00edos m\u00faltiples e interdisciplinares, en t\u00e9rminos de tama\u00f1o el\u00e9ctrico (compactos), frecuencia adaptativa y recursos de ancho de banda espectral (reconfigurables), mayores niveles de potencia de transmisi\u00f3n (lidiando con los efectos de<br \/>\ndescarga e intermodulaci\u00f3n) y viabilidad de fabricaci\u00f3n (problemas de precisi\u00f3n y repetibilidad). Adem\u00e1s, estos requisitos deber\u00e1n abordarse adecuadamente en diversos rangos de frecuencia (que cubren las bandas de ondas de RF, microondas, milim\u00e9tricas y submilim\u00e9tricas).<\/p>\n<p>Para ello, se propone un proyecto coordinado (IMPULSE) a realizar por un equipo de 5 grupos acad\u00e9micos de investigaci\u00f3n (con colaboraciones previas exitosas). Cuatro subproyectos complementarios desarrollar\u00e1n conjuntamente investigaciones de primer nivel sobre equipos innovadores de comunicaci\u00f3n por sat\u00e9lite, considerando tecnolog\u00edas de alta frecuencia tradicionales y emergentes: es decir, las basadas en circuitos planares y en gu\u00edas de ondas 3D, las soluciones h\u00edbridas (gu\u00edas de ondas planas implementadas en sustratos diel\u00e9ctricos y vac\u00edos), y el conjunto reci\u00e9n propuesto de gu\u00edas con paredes corrugadas (o gap waveguides). Tambi\u00e9n se investigar\u00e1n materiales avanzados y sintonizables (como biopl\u00e1sticos, grafeno y cristal l\u00edquido), as\u00ed como t\u00e9cnicas de fabricaci\u00f3n cl\u00e1sicas (fresado, LTCC) y m\u00e1s recientes (fabricaci\u00f3n aditiva, micro mecanizado).<\/p>\n<p>Este subproyecto, que act\u00faa como coordinador del proyecto general y de los equipos participantes, adem\u00e1s de revisar el trabajo conjunto sobre las herramientas CAE (m\u00e9todos asistidos por ordenador de an\u00e1lisis, s\u00edntesis y optimizaci\u00f3n), y desarrollar completamente un demostrador integrado para una etapa de salida de m\u00faltiples haces en banda Ka, contribuye en el avance del uso pr\u00e1ctico de varias tecnolog\u00edas de gu\u00eda de ondas para comunicaciones espaciales. En particular, se centra en la tecnolog\u00eda de gu\u00eda de onda integrada de sustrato (SIW) coaxial, topolog\u00edas plegadas y estriadas de la versi\u00f3n SIW vac\u00eda (ESIW) y componentes mec\u00e1nicamente sintonizables (principalmente filtros y diplexores) utilizando cavidades de gu\u00eda de onda 3D. Tambi\u00e9n se aborda la implementaci\u00f3n pr\u00e1ctica de prototipos mediante t\u00e9cnicas LTCC e impresi\u00f3n 3D (con resinas metalizadas), as\u00ed como la validaci\u00f3n experimental de equipos (efectos de alta frecuencia y experimentos de comunicaci\u00f3n con peque\u00f1os sat\u00e9lites).<\/p>\n<p><strong>Entidad financiadora:<\/strong> Proyecto PID2022-136590OB-C41 financiado por MCIN\/AEI\/10.13039\/ 501100011033<\/p>\n<p><img loading=\"lazy\" decoding=\"async\" class=\"aligncenter size-full wp-image-1663\" src=\"https:\/\/gam.webs.upv.es\/wp-content\/uploads\/Imagen2.png\" alt=\"\" width=\"642\" height=\"171\" srcset=\"https:\/\/gam.webs.upv.es\/wp-content\/uploads\/Imagen2.png 642w, https:\/\/gam.webs.upv.es\/wp-content\/uploads\/Imagen2-300x80.png 300w, https:\/\/gam.webs.upv.es\/wp-content\/uploads\/Imagen2-250x67.png 250w, https:\/\/gam.webs.upv.es\/wp-content\/uploads\/Imagen2-100x27.png 100w, https:\/\/gam.webs.upv.es\/wp-content\/uploads\/Imagen2-150x40.png 150w, https:\/\/gam.webs.upv.es\/wp-content\/uploads\/Imagen2-200x53.png 200w, https:\/\/gam.webs.upv.es\/wp-content\/uploads\/Imagen2-450x120.png 450w, https:\/\/gam.webs.upv.es\/wp-content\/uploads\/Imagen2-600x160.png 600w\" sizes=\"auto, (max-width: 642px) 100vw, 642px\" \/><\/p>","protected":false},"excerpt":{"rendered":"<p>T\u00edtulo del proyecto:Avances en Tecnolog\u00edas Guiadas para los Pr\u00f3ximos Equipos de Comunicaciones por Sat\u00e9lite Acr\u00f3nimo: ADWASAT Ref: PID2022-136590OB-C41 Entidades participantes: Grupo de Aplicaciones de Microondas (Universidad Polit\u00e9cnica de Valencia), Grupo de Electromagnetismo Aplicado a las Telecomunicaciones (Universidad Polit\u00e9cnica de Cartagena), &hellip;<\/p>\n<p class=\"read-more\"> <a class=\"more-link\" href=\"https:\/\/gam.webs.upv.es\/index.php\/proyectos\/proyectos-vigentes\/adwasat\/?lang=es\"> <span class=\"screen-reader-text\">AVANCES EN TECNOLOGIAS GUIADAS PARA LOS PROXIMOS EQUIPOS DE COMUNICACIONES POR SATELITE (ADWASAT)<\/span> Leer m\u00e1s \u00bb<\/a><\/p>\n","protected":false},"author":4,"featured_media":0,"parent":276,"menu_order":0,"comment_status":"closed","ping_status":"closed","template":"full-width-page.php","meta":{"footnotes":""},"class_list":["post-1653","page","type-page","status-publish","hentry"],"_links":{"self":[{"href":"https:\/\/gam.webs.upv.es\/index.php\/wp-json\/wp\/v2\/pages\/1653","targetHints":{"allow":["GET"]}}],"collection":[{"href":"https:\/\/gam.webs.upv.es\/index.php\/wp-json\/wp\/v2\/pages"}],"about":[{"href":"https:\/\/gam.webs.upv.es\/index.php\/wp-json\/wp\/v2\/types\/page"}],"author":[{"embeddable":true,"href":"https:\/\/gam.webs.upv.es\/index.php\/wp-json\/wp\/v2\/users\/4"}],"replies":[{"embeddable":true,"href":"https:\/\/gam.webs.upv.es\/index.php\/wp-json\/wp\/v2\/comments?post=1653"}],"version-history":[{"count":3,"href":"https:\/\/gam.webs.upv.es\/index.php\/wp-json\/wp\/v2\/pages\/1653\/revisions"}],"predecessor-version":[{"id":1665,"href":"https:\/\/gam.webs.upv.es\/index.php\/wp-json\/wp\/v2\/pages\/1653\/revisions\/1665"}],"up":[{"embeddable":true,"href":"https:\/\/gam.webs.upv.es\/index.php\/wp-json\/wp\/v2\/pages\/276"}],"wp:attachment":[{"href":"https:\/\/gam.webs.upv.es\/index.php\/wp-json\/wp\/v2\/media?parent=1653"}],"curies":[{"name":"wp","href":"https:\/\/api.w.org\/{rel}","templated":true}]}}