{"id":1647,"date":"2024-01-29T11:55:46","date_gmt":"2024-01-29T11:55:46","guid":{"rendered":"https:\/\/gam.webs.upv.es\/?page_id=1647"},"modified":"2024-01-29T12:18:27","modified_gmt":"2024-01-29T12:18:27","slug":"further-sat","status":"publish","type":"page","link":"https:\/\/gam.webs.upv.es\/index.php\/proyectos\/proyectos-vigentes\/further-sat\/?lang=es","title":{"rendered":"FUTURAS INVESTIGACIONES SOBRE TECNOLOG\u00cdAS EMERGENTES DE ALTA FRECUENCIA PARA SISTEMAS DE COMUNICACI\u00d3N POR SAT\u00c9LITE DE PR\u00d3XIMA GENERACI\u00d3N (FURTHER-SAT)"},"content":{"rendered":"<p><strong>T\u00edtulo del proyecto:<\/strong> Futuras Investigaciones sobre Tecnolog\u00edas Emergentes de Alta Frecuencia para Sistemas de Comunicaci\u00f3n por Sat\u00e9lite de Pr\u00f3xima Generaci\u00f3n<br \/>\n<strong>Acr\u00f3nimo:<\/strong> FURTHER-SAT<br \/>\n<strong>Ref:<\/strong> CIPROM\/2022\/19<br \/>\n<strong>Entidades participantes:<\/strong> Grupo de Aplicaciones de Microondas (GAM \u2013 ITEAM) y Laboratorio de propagaci\u00f3n de Antenas (APL \u2013 ITEAM) de la Universitat Polit\u00e8cnica de Val\u00e8ncia (UPV)<br \/>\n<strong>Duraci\u00f3n:<\/strong> 01\/01\/2023 \u2013 31\/12\/2026<br \/>\n<strong>Investigador responsable:<\/strong> Dr. Vicente E. Boria Esbert<\/p>\n<p><strong>Breve Descripci\u00f3n del Proyecto: <\/strong> FURTHER-SAT se trata de un proyecto auton\u00f3mico que, desde un punto de vista cient\u00edfico-tecnol\u00f3gico, se centra en todas las tecnolog\u00edas de alta frecuencia disponibles: las cl\u00e1sicas basadas en circuitos planos y gu\u00edas de ondas, las m\u00e1s recientes gu\u00edas de ondas planas integradas con\/sin sustrato diel\u00e9ctrico (es decir, SIW, ESIW y ESICL), y el prometedor concepto de gu\u00edas de ondas groove gap waveguides. Tambi\u00e9n se estudian materiales avanzados (como los artificiales -metamateriales-, cristales l\u00edquidos y cer\u00e1micas de alta permitividad), as\u00ed como diversas t\u00e9cnicas de fabricaci\u00f3n (fresado de alta precisi\u00f3n, m\u00e9todos de fabricaci\u00f3n aditiva, cer\u00e1mica cocida a baja temperatura -LTCC- y procesos de micromecanizado).<\/p>\n<p><strong>Entidad financiadora:<\/strong> Generalitat Valenciana \u2013 Conselleria de Innovaci\u00f3n, Universidades, Ciencia y Sociedad Digital &#8211; Subvenciones programa Prometeo para grupos de investigaci\u00f3n de excelencia (PROMETEO)<\/p>\n<p><a href=\"https:\/\/ceice.gva.es\/es\/\"><img loading=\"lazy\" decoding=\"async\" class=\"aligncenter size-large wp-image-1648\" src=\"https:\/\/gam.webs.upv.es\/wp-content\/uploads\/Imagen1-1024x523.png\" alt=\"\" width=\"605\" height=\"309\" srcset=\"https:\/\/gam.webs.upv.es\/wp-content\/uploads\/Imagen1-1024x523.png 1024w, https:\/\/gam.webs.upv.es\/wp-content\/uploads\/Imagen1-300x153.png 300w, https:\/\/gam.webs.upv.es\/wp-content\/uploads\/Imagen1-768x393.png 768w, https:\/\/gam.webs.upv.es\/wp-content\/uploads\/Imagen1-250x128.png 250w, https:\/\/gam.webs.upv.es\/wp-content\/uploads\/Imagen1-100x51.png 100w, https:\/\/gam.webs.upv.es\/wp-content\/uploads\/Imagen1-150x77.png 150w, https:\/\/gam.webs.upv.es\/wp-content\/uploads\/Imagen1-200x102.png 200w, https:\/\/gam.webs.upv.es\/wp-content\/uploads\/Imagen1-450x230.png 450w, https:\/\/gam.webs.upv.es\/wp-content\/uploads\/Imagen1-600x307.png 600w, https:\/\/gam.webs.upv.es\/wp-content\/uploads\/Imagen1-900x460.png 900w, https:\/\/gam.webs.upv.es\/wp-content\/uploads\/Imagen1.png 1027w\" sizes=\"auto, (max-width: 605px) 100vw, 605px\" \/><\/a><\/p>","protected":false},"excerpt":{"rendered":"<p>T\u00edtulo del proyecto: Futuras Investigaciones sobre Tecnolog\u00edas Emergentes de Alta Frecuencia para Sistemas de Comunicaci\u00f3n por Sat\u00e9lite de Pr\u00f3xima Generaci\u00f3n Acr\u00f3nimo: FURTHER-SAT Ref: CIPROM\/2022\/19 Entidades participantes: Grupo de Aplicaciones de Microondas (GAM \u2013 ITEAM) y Laboratorio de propagaci\u00f3n de Antenas &hellip;<\/p>\n<p class=\"read-more\"> <a class=\"more-link\" href=\"https:\/\/gam.webs.upv.es\/index.php\/proyectos\/proyectos-vigentes\/further-sat\/?lang=es\"> <span class=\"screen-reader-text\">FUTURAS INVESTIGACIONES SOBRE TECNOLOG\u00cdAS EMERGENTES DE ALTA FRECUENCIA PARA SISTEMAS DE COMUNICACI\u00d3N POR SAT\u00c9LITE DE PR\u00d3XIMA GENERACI\u00d3N (FURTHER-SAT)<\/span> Leer m\u00e1s \u00bb<\/a><\/p>\n","protected":false},"author":4,"featured_media":0,"parent":276,"menu_order":0,"comment_status":"closed","ping_status":"closed","template":"full-width-page.php","meta":{"footnotes":""},"class_list":["post-1647","page","type-page","status-publish","hentry"],"_links":{"self":[{"href":"https:\/\/gam.webs.upv.es\/index.php\/wp-json\/wp\/v2\/pages\/1647","targetHints":{"allow":["GET"]}}],"collection":[{"href":"https:\/\/gam.webs.upv.es\/index.php\/wp-json\/wp\/v2\/pages"}],"about":[{"href":"https:\/\/gam.webs.upv.es\/index.php\/wp-json\/wp\/v2\/types\/page"}],"author":[{"embeddable":true,"href":"https:\/\/gam.webs.upv.es\/index.php\/wp-json\/wp\/v2\/users\/4"}],"replies":[{"embeddable":true,"href":"https:\/\/gam.webs.upv.es\/index.php\/wp-json\/wp\/v2\/comments?post=1647"}],"version-history":[{"count":2,"href":"https:\/\/gam.webs.upv.es\/index.php\/wp-json\/wp\/v2\/pages\/1647\/revisions"}],"predecessor-version":[{"id":1654,"href":"https:\/\/gam.webs.upv.es\/index.php\/wp-json\/wp\/v2\/pages\/1647\/revisions\/1654"}],"up":[{"embeddable":true,"href":"https:\/\/gam.webs.upv.es\/index.php\/wp-json\/wp\/v2\/pages\/276"}],"wp:attachment":[{"href":"https:\/\/gam.webs.upv.es\/index.php\/wp-json\/wp\/v2\/media?parent=1647"}],"curies":[{"name":"wp","href":"https:\/\/api.w.org\/{rel}","templated":true}]}}