{"id":1628,"date":"2024-01-29T11:12:55","date_gmt":"2024-01-29T11:12:55","guid":{"rendered":"https:\/\/gam.webs.upv.es\/?page_id=1628"},"modified":"2024-01-29T11:20:22","modified_gmt":"2024-01-29T11:20:22","slug":"alfrec3d","status":"publish","type":"page","link":"https:\/\/gam.webs.upv.es\/index.php\/proyectos\/proyectos-finalizados\/alfrec3d\/?lang=es","title":{"rendered":"VALORIZACI\u00d3N DE UN M\u00c9TODO DE FABRICACI\u00d3N 3D, METALIZACI\u00d3N E INTEGRACI\u00d3N DE DISPOSITIVOS DE ALTA FRECUENCIA"},"content":{"rendered":"<p><strong>T\u00edtulo del proyecto:<\/strong> Valorizaci\u00f3n de un m\u00e9todo de fabricaci\u00f3n 3D, metalizaci\u00f3n e integraci\u00f3n de dispositivos de alta frecuencia<br \/>\n<strong>Acr\u00f3nimo:<\/strong> ALFREC3D<br \/>\n<strong>Ref:<\/strong> INNVA1\/2020\/84<br \/>\n<strong>Entidades participantes:<\/strong><br \/>\n<strong>Duraci\u00f3n:<\/strong> 01\/01\/2020-31\/12\/2021<br \/>\n<strong>Investigador responsable:<\/strong> Dr. Carmen Bachiller<\/p>\n<p><strong>Breve Descripci\u00f3n del Proyecto: <\/strong> El objetivo principal del proyecto es la realizaci\u00f3n de las acciones necesarias para que la patente \u201cM\u00e9todo de fabricaci\u00f3n de dispositivo de microondas basado en gu\u00eda de onda vac\u00eda integrada en sustrato\u201d pueda ser transferida con garant\u00edas de \u00e9xito a las empresas para su posterior explotaci\u00f3n.<\/p>\n<p>El objeto de la patente fue el desarrollo de una nueva t\u00e9cnica para la fabricaci\u00f3n de dispositivos de comunicaciones de alta frecuencia que se basa en tres pilares:<\/p>\n<ol>\n<li>El uso de la tecnolog\u00eda de gu\u00eda de onda integrada en sustrato, que permite desarrollar un ampl\u00edsimo rango de dispositivos de comunicaciones: l\u00edneas de transmisi\u00f3n, filtros, resonadores, divisores de potencia, h\u00edbridos, desfasadores, antenas, etc. integrados en un sustrato planar (de bajo coste), pero que presentan las buenas prestaciones de los dispositivos tradicionales desarrollados en gu\u00eda de onda.<\/li>\n<li>El uso de la impresi\u00f3n 3D con materiales polim\u00e9ricos (pl\u00e1sticos) posteriormente metalizados para la fabricaci\u00f3n de los dispositivos de comunicaci\u00f3n. Los materiales polim\u00e9ricos son m\u00e1s ligeros que los metales que tradicionalmente se utilizan y la fabricaci\u00f3n 3D permite un prototipado mucho m\u00e1s r\u00e1pido que los m\u00e9todos tradicionales. Adem\u00e1s, las precisiones obtenidas con estos m\u00e9todos de fabricaci\u00f3n son alt\u00edsimas. Por otra parte, los dispositivos de comunicaciones deben ser conductores, para poder manejar se\u00f1ales de alta frecuencia, por tanto, los dispositivos fabricados con impresi\u00f3n 3D, si son polim\u00e9ricos, deben metalizarse con cobre u otro material de alta conductividad, asegurando la calidad y durabilidad de esa metalizaci\u00f3n tal como lo hace el m\u00e9todo patentado.<\/li>\n<li>La integraci\u00f3n modular de los dispositivos desarrollados en un circuito o sistema complejo. Esta integraci\u00f3n se consigue gracias a unas transiciones con el resto del circuito y un sistema de anclaje con torniller\u00eda que permite ensamblar de una forma sencilla el dispositivo con el resto de la circuiter\u00eda, cambi\u00e1ndolo por otro si la aplicaci\u00f3n as\u00ed lo requiriese o si se estropease por alg\u00fan motivo, sin necesidad de modificar el resto del circuito.<\/li>\n<\/ol>\n<p><strong>Entidad financiadora:<\/strong> Agencia Valenciana de la Innovaci\u00f3n<\/p>\n<p><a href=\"https:\/\/gam.webs.upv.es\/wp-content\/uploads\/AVI-Generalitat_VAL-HEADER-1.png\" rel=\"lightbox[1628]\"><img loading=\"lazy\" decoding=\"async\" class=\"alignnone size-medium wp-image-1595\" src=\"https:\/\/gam.webs.upv.es\/wp-content\/uploads\/AVI-Generalitat_VAL-HEADER-1-300x45.png\" alt=\"\" width=\"300\" height=\"45\" srcset=\"https:\/\/gam.webs.upv.es\/wp-content\/uploads\/AVI-Generalitat_VAL-HEADER-1-300x45.png 300w, https:\/\/gam.webs.upv.es\/wp-content\/uploads\/AVI-Generalitat_VAL-HEADER-1-250x38.png 250w, https:\/\/gam.webs.upv.es\/wp-content\/uploads\/AVI-Generalitat_VAL-HEADER-1-100x15.png 100w, https:\/\/gam.webs.upv.es\/wp-content\/uploads\/AVI-Generalitat_VAL-HEADER-1-150x23.png 150w, https:\/\/gam.webs.upv.es\/wp-content\/uploads\/AVI-Generalitat_VAL-HEADER-1-200x30.png 200w, https:\/\/gam.webs.upv.es\/wp-content\/uploads\/AVI-Generalitat_VAL-HEADER-1-450x68.png 450w, https:\/\/gam.webs.upv.es\/wp-content\/uploads\/AVI-Generalitat_VAL-HEADER-1-600x90.png 600w, https:\/\/gam.webs.upv.es\/wp-content\/uploads\/AVI-Generalitat_VAL-HEADER-1.png 720w\" sizes=\"auto, (max-width: 300px) 100vw, 300px\" \/><\/a><\/p>\n<p>&nbsp;<\/p>","protected":false},"excerpt":{"rendered":"<p>T\u00edtulo del proyecto: Valorizaci\u00f3n de un m\u00e9todo de fabricaci\u00f3n 3D, metalizaci\u00f3n e integraci\u00f3n de dispositivos de alta frecuencia Acr\u00f3nimo: ALFREC3D Ref: INNVA1\/2020\/84 Entidades participantes: Duraci\u00f3n: 01\/01\/2020-31\/12\/2021 Investigador responsable: Dr. Carmen Bachiller Breve Descripci\u00f3n del Proyecto: El objetivo principal del proyecto &hellip;<\/p>\n<p class=\"read-more\"> <a class=\"more-link\" href=\"https:\/\/gam.webs.upv.es\/index.php\/proyectos\/proyectos-finalizados\/alfrec3d\/?lang=es\"> <span class=\"screen-reader-text\">VALORIZACI\u00d3N DE UN M\u00c9TODO DE FABRICACI\u00d3N 3D, METALIZACI\u00d3N E INTEGRACI\u00d3N DE DISPOSITIVOS DE ALTA FRECUENCIA<\/span> Leer m\u00e1s \u00bb<\/a><\/p>\n","protected":false},"author":4,"featured_media":0,"parent":281,"menu_order":0,"comment_status":"closed","ping_status":"closed","template":"full-width-page.php","meta":{"footnotes":""},"class_list":["post-1628","page","type-page","status-publish","hentry"],"_links":{"self":[{"href":"https:\/\/gam.webs.upv.es\/index.php\/wp-json\/wp\/v2\/pages\/1628","targetHints":{"allow":["GET"]}}],"collection":[{"href":"https:\/\/gam.webs.upv.es\/index.php\/wp-json\/wp\/v2\/pages"}],"about":[{"href":"https:\/\/gam.webs.upv.es\/index.php\/wp-json\/wp\/v2\/types\/page"}],"author":[{"embeddable":true,"href":"https:\/\/gam.webs.upv.es\/index.php\/wp-json\/wp\/v2\/users\/4"}],"replies":[{"embeddable":true,"href":"https:\/\/gam.webs.upv.es\/index.php\/wp-json\/wp\/v2\/comments?post=1628"}],"version-history":[{"count":3,"href":"https:\/\/gam.webs.upv.es\/index.php\/wp-json\/wp\/v2\/pages\/1628\/revisions"}],"predecessor-version":[{"id":1634,"href":"https:\/\/gam.webs.upv.es\/index.php\/wp-json\/wp\/v2\/pages\/1628\/revisions\/1634"}],"up":[{"embeddable":true,"href":"https:\/\/gam.webs.upv.es\/index.php\/wp-json\/wp\/v2\/pages\/281"}],"wp:attachment":[{"href":"https:\/\/gam.webs.upv.es\/index.php\/wp-json\/wp\/v2\/media?parent=1628"}],"curies":[{"name":"wp","href":"https:\/\/api.w.org\/{rel}","templated":true}]}}