{"id":1620,"date":"2024-01-29T10:59:00","date_gmt":"2024-01-29T10:59:00","guid":{"rendered":"https:\/\/gam.webs.upv.es\/?page_id=1620"},"modified":"2024-01-29T11:24:41","modified_gmt":"2024-01-29T11:24:41","slug":"caftam","status":"publish","type":"page","link":"https:\/\/gam.webs.upv.es\/index.php\/proyectos\/proyectos-vigentes\/caftam\/?lang=es","title":{"rendered":"DESARROLLO DE DISPOSITIVOS DE COMUNICACIONES DE ALTA FRECUENCIA UTILIZANDO TECNOLOG\u00cdAS AVANZADAS DE FABRICACI\u00d3N ADITIVA Y METALIZADO"},"content":{"rendered":"<p><a href=\"https:\/\/gam.webs.upv.es\/wp-content\/uploads\/caftam.jpg\" rel=\"lightbox[1620]\"><img loading=\"lazy\" decoding=\"async\" class=\"alignnone size-medium wp-image-1623\" src=\"https:\/\/gam.webs.upv.es\/wp-content\/uploads\/caftam-300x92.jpg\" alt=\"\" width=\"300\" height=\"92\" srcset=\"https:\/\/gam.webs.upv.es\/wp-content\/uploads\/caftam-300x92.jpg 300w, https:\/\/gam.webs.upv.es\/wp-content\/uploads\/caftam-768x236.jpg 768w, https:\/\/gam.webs.upv.es\/wp-content\/uploads\/caftam-250x77.jpg 250w, https:\/\/gam.webs.upv.es\/wp-content\/uploads\/caftam-100x31.jpg 100w, https:\/\/gam.webs.upv.es\/wp-content\/uploads\/caftam-150x46.jpg 150w, https:\/\/gam.webs.upv.es\/wp-content\/uploads\/caftam-200x61.jpg 200w, https:\/\/gam.webs.upv.es\/wp-content\/uploads\/caftam-450x138.jpg 450w, https:\/\/gam.webs.upv.es\/wp-content\/uploads\/caftam-600x184.jpg 600w, https:\/\/gam.webs.upv.es\/wp-content\/uploads\/caftam.jpg 850w\" sizes=\"auto, (max-width: 300px) 100vw, 300px\" \/><\/a><br \/>\n<strong>T\u00edtulo del proyecto:<\/strong> DESARROLLO DE DISPOSITIVOS DE COMUNICACIONES DE ALTA FRECUENCIA UTILIZANDO TECNOLOG\u00cdAS AVANZADAS DE FABRICACI\u00d3N ADITIVA Y METALIZADO<br \/>\n<strong>Acronimo<\/strong> CAFTAM<br \/>\n<strong>Ref<\/strong> INNEST\/2022\/124<br \/>\n<strong>Entidades participantes:<\/strong> I.U. de Telecomunicaciones y Aplicaciones Multimedia (ITEAM) de la Universidad Polit\u00e9cnica de Valencia (UPV), Instituto Tecnol\u00f3gico de Productos Infantiles y Ocio (AIJU), Instituto de Tecnolog\u00eda Qu\u00edmica (CSIC-ITQ) y DISMUNTEL.<br \/>\n<strong>Duraci\u00f3n:<\/strong> 06\/05\/2022 \u2013 30\/09\/2024<br \/>\n<strong>Investigador responsable:<\/strong> Dr. Carmen Bachiller<\/p>\n<p><strong>Breve Descripci\u00f3n del Proyecto: <\/strong>Los actuales sistemas de radiocomunicaci\u00f3n se enfrentan a la progresiva saturaci\u00f3n del espectro electromagn\u00e9tico que, unido a unos requerimientos de anchos de banda (velocidades de transmisi\u00f3n) cada vez mayores, est\u00e1 obligando a los sistemas a migrar hacia bandas de frecuencias m\u00e1s altas.<\/p>\n<p>Aunque existen numerosas tecnolog\u00edas para la fabricaci\u00f3n de dispositivos de comunicaciones, su \u00e9xito comercial exige una gran eficiencia en t\u00e9rminos de coste y producci\u00f3n masiva junto con unas adecuadas prestaciones electromagn\u00e9ticas.<\/p>\n<p>Pero \u00bfCu\u00e1l es la tecnolog\u00eda m\u00e1s adecuada para fabricar estos dispositivos con la eficiencia y prestaciones requeridas?<\/p>\n<p>Las tecnolog\u00edas de fabricaci\u00f3n aditiva permiten un espectro ampl\u00edsimo de topolog\u00edas volum\u00e9tricas, adem\u00e1s de reducir el tiempo de fabricaci\u00f3n, el peso y el costo en comparaci\u00f3n con los procesos de fresado sobre metal tradicionales. Para dotar al dispositivo de conductividad el\u00e9ctrica \u00e9ste se debe metalizar, necesitando, por tanto, t\u00e9cnicas eficientes para tal efecto.<\/p>\n<p>Por ello, primero se dise\u00f1an un amplio abanico de estructuras que permitan dar soluciones integrales a la industria.<\/p>\n<p>Seguidamente, se analiza el uso de nuevos materiales y tecnolog\u00edas de fabricaci\u00f3n que permitan adecuarse a las necesidades de la industria.<\/p>\n<p>Finalmente, se desarrollan nuevos procesos de metalizaci\u00f3n y acabados que faciliten la conductividad requerida de estos dispositivos de comunicaciones de radiofrecuencia para aplicaciones terrestres, mar\u00edtimas y espaciales.<\/p>\n<p>Se estima que el uso de tecnolog\u00edas de fabricaci\u00f3n aditiva para estas aplicaciones proporcionar\u00e1 dispositivos hasta 10 veces m\u00e1s ligeros, permitir\u00e1 dr\u00e1sticamente los residuos en comparaci\u00f3n con el mecanizado de piezas met\u00e1licas, y permitir\u00e1 fabricar piezas que son imposibles de hacer con las t\u00e9cnicas tradicionales.<\/p>\n<p>CAFTAM es un proyecto colaborativo de desarrollo experimental, liderado por el Instituto de Telecomunicaciones y Aplicaciones Multimedia (ITEAM) de la Universidad Polit\u00e9cnica de Valencia (UPV), quien aportar\u00e1 su experiencia en el dise\u00f1o y optimizaci\u00f3n de circuitos de comunicaciones de alta frecuencia (filtros, antenas, divisores, etc.). AIJU desarrollar\u00e1 los dispositivos seleccionados aplicando una elevada calidad superficial y dimensional mediante diversas tecnolog\u00edas de fabricaci\u00f3n aditiva, el Instituto de Tecnolog\u00eda Qu\u00edmica (CSIC- ITQ) llevar\u00e1 a cabo novedosos procesos de metalizado catal\u00edtico de car\u00e1cter mixto, qu\u00edmico y galv\u00e1nico sobre las piezas desarrolladas. La empresa participante DISMUNTEL, con experiencia y conocimientos en el \u00e1mbito de RFID y electr\u00f3nica de control, contribuir\u00e1 en la proposici\u00f3n del reto de parte de la industria en el \u00e1mbito de las telecomunicaciones y en la comprobaci\u00f3n de la correcta funcionalidad de los dispositivos desarrollados en el \u00e1mbito real.<\/p>\n<p>Esta colaboraci\u00f3n se enmarca dentro de un proyecto de investigaci\u00f3n financiado por la Ag\u00e8ncia Valenciana de la Innovaci\u00f3 (AVI) dentro del Programa Proyectos estrat\u00e9gicos en cooperaci\u00f3n.<\/p>\n<p><strong>Entidad financiadora:<\/strong> AGENCIA VALENCIANA DE LA INNOVACION<\/p>\n<p>&nbsp;<\/p>\n<table class=\"aligncenter\" style=\"width: 889px;\" border=\"0\" align=\"center\">\n<tbody>\n<tr>\n<td style=\"width: 533px;\"><a href=\"https:\/\/innoavi.es\/en\/\" target=\"_blank\" rel=\"noopener\"><img loading=\"lazy\" decoding=\"async\" class=\"wp-image-1570 aligncenter\" title=\"https:\/\/innoavi.es\" src=\"https:\/\/gam.webs.upv.es\/wp-content\/uploads\/AVI-Generalitat_VAL-HEADER.png\" alt=\"Ag\u00e8ncia Valenciana de la Innovaci\u00f3 \" width=\"533\" height=\"80\" \/><\/a><\/td>\n<td style=\"width: 356px;\"><img loading=\"lazy\" decoding=\"async\" class=\"wp-image-1573 aligncenter\" title=\"Financiado por la Uni\u00f3n Europea\" src=\"https:\/\/gam.webs.upv.es\/wp-content\/uploads\/Logo-UE-2-150x150-1-e1697624585568.png\" alt=\"Financiado por la Uni\u00f3n Europea\" width=\"356\" height=\"80\" \/><\/td>\n<\/tr>\n<\/tbody>\n<\/table>\n<p>&nbsp;<\/p>","protected":false},"excerpt":{"rendered":"<p>T\u00edtulo del proyecto: DESARROLLO DE DISPOSITIVOS DE COMUNICACIONES DE ALTA FRECUENCIA UTILIZANDO TECNOLOG\u00cdAS AVANZADAS DE FABRICACI\u00d3N ADITIVA Y METALIZADO Acronimo CAFTAM Ref INNEST\/2022\/124 Entidades participantes: I.U. de Telecomunicaciones y Aplicaciones Multimedia (ITEAM) de la Universidad Polit\u00e9cnica de Valencia (UPV), Instituto &hellip;<\/p>\n<p class=\"read-more\"> <a class=\"more-link\" href=\"https:\/\/gam.webs.upv.es\/index.php\/proyectos\/proyectos-vigentes\/caftam\/?lang=es\"> <span class=\"screen-reader-text\">DESARROLLO DE DISPOSITIVOS DE COMUNICACIONES DE ALTA FRECUENCIA UTILIZANDO TECNOLOG\u00cdAS AVANZADAS DE FABRICACI\u00d3N ADITIVA Y METALIZADO<\/span> Leer m\u00e1s \u00bb<\/a><\/p>\n","protected":false},"author":4,"featured_media":0,"parent":276,"menu_order":0,"comment_status":"closed","ping_status":"closed","template":"full-width-page.php","meta":{"footnotes":""},"class_list":["post-1620","page","type-page","status-publish","hentry"],"_links":{"self":[{"href":"https:\/\/gam.webs.upv.es\/index.php\/wp-json\/wp\/v2\/pages\/1620","targetHints":{"allow":["GET"]}}],"collection":[{"href":"https:\/\/gam.webs.upv.es\/index.php\/wp-json\/wp\/v2\/pages"}],"about":[{"href":"https:\/\/gam.webs.upv.es\/index.php\/wp-json\/wp\/v2\/types\/page"}],"author":[{"embeddable":true,"href":"https:\/\/gam.webs.upv.es\/index.php\/wp-json\/wp\/v2\/users\/4"}],"replies":[{"embeddable":true,"href":"https:\/\/gam.webs.upv.es\/index.php\/wp-json\/wp\/v2\/comments?post=1620"}],"version-history":[{"count":8,"href":"https:\/\/gam.webs.upv.es\/index.php\/wp-json\/wp\/v2\/pages\/1620\/revisions"}],"predecessor-version":[{"id":1637,"href":"https:\/\/gam.webs.upv.es\/index.php\/wp-json\/wp\/v2\/pages\/1620\/revisions\/1637"}],"up":[{"embeddable":true,"href":"https:\/\/gam.webs.upv.es\/index.php\/wp-json\/wp\/v2\/pages\/276"}],"wp:attachment":[{"href":"https:\/\/gam.webs.upv.es\/index.php\/wp-json\/wp\/v2\/media?parent=1620"}],"curies":[{"name":"wp","href":"https:\/\/api.w.org\/{rel}","templated":true}]}}