{"id":15,"date":"2012-10-25T15:03:25","date_gmt":"2012-10-25T15:03:25","guid":{"rendered":"http:\/\/gam.webs.upv.es\/?page_id=15"},"modified":"2014-04-29T12:15:28","modified_gmt":"2014-04-29T12:15:28","slug":"quienes-somos","status":"publish","type":"page","link":"https:\/\/gam.webs.upv.es\/index.php\/quienes-somos\/?lang=es","title":{"rendered":"Qui\u00e9nes somos"},"content":{"rendered":"<p><\/p>\n<p style=\"text-align: justify;\">El Grupo de Aplicaciones de Microondas (GAM) centra su actividad investigadora en el desarrollo de t\u00e9cnicas de an\u00e1lisis y dise\u00f1o de componentes pasivos para aplicaciones de alta frecuencia (microondas y ondas milim\u00e9tricas), tales como filtros, redes de adaptaci\u00f3n, multiplexores, conmutadores, sondas y transiciones. Dichos componentes pasivos se implementan en diversas tecnolog\u00edas: coaxial, gu\u00eda de ondas, planar e h\u00edbrida (gu\u00edas integradas en substrato diel\u00e9ctrico, SIW), as\u00ed como empleando materiales conductores, diel\u00e9ctricos, estructuras peri\u00f3dicas (EBGs) y elementos de sinton\u00eda (varactores, sistemas micro-electro-mec\u00e1nicos como MEMs).<\/p>\n<p style=\"text-align: justify;\">El GAM aplica sus m\u00e9todos de an\u00e1lisis y s\u00edntesis al dise\u00f1o eficiente de los citados componentes a emplear en muy diversos sistemas de comunicaciones, con especial \u00e9nfasis en el \u00e1mbito espacial (cargas \u00fatiles de sat\u00e9lite y estaciones terrenas), pero tambi\u00e9n en comunicaciones m\u00f3viles, inal\u00e1mbricas, sistemas RADAR y aplicaciones de defensa. El grupo tambi\u00e9n se ocupa del dise\u00f1o y empleo de plataformas espaciales de reducido tama\u00f1o (pico y nano-sat\u00e9lites) para misiones cient\u00edficas, tecnol\u00f3gicas y de sostenibilidad; as\u00ed como del desarrollo e implantaci\u00f3n de sistemas de comunicaci\u00f3n por sat\u00e9lite para aplicaciones de teledetecci\u00f3n (procesado de imagen de microondas, infrarrojo y visible) y radionavegaci\u00f3n (sistema Galileo).<\/p>\n<p style=\"text-align: justify;\">Pertenece al <a href=\"http:\/\/www.iteam.upv.es\/\">Instituto Universitario de Telecomunicaciones y Aplicaciones Multimedia (iTEAM)<\/a> de la <a href=\"http:\/\/www.upv.es\/\">Universitat Polit\u00e8cnica de Val\u00e8ncia (UPV)<\/a> y est\u00e1 ubicado en la <a href=\"http:\/\/www.cpi.upv.es\/\">Ciudad Polit\u00e9cnica de la Innovaci\u00f3n<\/a>, el parque cient\u00edfico de la UPV.<\/p>\n<p style=\"text-align: justify;\">La actividad del grupo comienza en 1997, estando integrado actualmente por 15 personas entre investigadores y personal de apoyo. Adicionalmente, existe una fluida colaboraci\u00f3n con otras universidades tanto nacionales (Universitat de Val\u00e8ncia, Universidad Polit\u00e9cnica de Cartagena, Universidad Miguel Hern\u00e1ndez de Elche, Universidad de Alicante, Universidad Polit\u00e9cnica de Madrid, Universidad Aut\u00f3noma de Barcelona, Universidad P\u00fablica de Navarra y Universidad de Sevilla) como internacionales (University of Pavia y University of Perugia en Italia, University of Brest y University of Limoges en Francia, University of Maryland en USA, University of Waterloo en Canad\u00e1).<\/p>\n<p style=\"text-align: justify;\">Destacan las colaboraciones con importantes empresas del sector Espacio como Thales Alenia Espacio, RYMSA, EADS-CASA, COM DEV, TESAT y Aurora Software and Testing (spin-off del grupo de investigaci\u00f3n) entre otras, as\u00ed como la estrecha relaci\u00f3n que se mantiene con la <a href=\"http:\/\/www.esa.int\/\">Agencia Espacial Europea (ESA)<\/a> y el <a href=\"http:\/\/www.val-space.com\/\">Consorcio Espacial Valenciano (VSC)<\/a>.<\/p>\n<p style=\"text-align: justify;\">Le invitamos a visitar nuestra p\u00e1gina web y descubrir las actividades cient\u00edficas, instalaciones y oferta formativa que ponemos a su disposici\u00f3n.<\/p>\n<p style=\"text-align: justify;\">Bienvenido, bienvenida<\/p>\n<p style=\"text-align: justify;\">Grupo de Aplicaciones de las Microondas<\/p>\n<p><\/p>","protected":false},"excerpt":{"rendered":"<p>El Grupo de Aplicaciones de Microondas (GAM) centra su actividad investigadora en el desarrollo de t\u00e9cnicas de an\u00e1lisis y dise\u00f1o de componentes pasivos para aplicaciones de alta frecuencia (microondas y ondas milim\u00e9tricas), tales como filtros, redes de adaptaci\u00f3n, multiplexores, conmutadores, &hellip;<\/p>\n<p class=\"read-more\"> <a class=\"more-link\" href=\"https:\/\/gam.webs.upv.es\/index.php\/quienes-somos\/?lang=es\"> <span class=\"screen-reader-text\">Qui\u00e9nes somos<\/span> Leer m\u00e1s \u00bb<\/a><\/p>\n","protected":false},"author":5,"featured_media":0,"parent":0,"menu_order":0,"comment_status":"open","ping_status":"closed","template":"full-width-page.php","meta":{"footnotes":""},"class_list":["post-15","page","type-page","status-publish","hentry"],"_links":{"self":[{"href":"https:\/\/gam.webs.upv.es\/index.php\/wp-json\/wp\/v2\/pages\/15","targetHints":{"allow":["GET"]}}],"collection":[{"href":"https:\/\/gam.webs.upv.es\/index.php\/wp-json\/wp\/v2\/pages"}],"about":[{"href":"https:\/\/gam.webs.upv.es\/index.php\/wp-json\/wp\/v2\/types\/page"}],"author":[{"embeddable":true,"href":"https:\/\/gam.webs.upv.es\/index.php\/wp-json\/wp\/v2\/users\/5"}],"replies":[{"embeddable":true,"href":"https:\/\/gam.webs.upv.es\/index.php\/wp-json\/wp\/v2\/comments?post=15"}],"version-history":[{"count":26,"href":"https:\/\/gam.webs.upv.es\/index.php\/wp-json\/wp\/v2\/pages\/15\/revisions"}],"predecessor-version":[{"id":31,"href":"https:\/\/gam.webs.upv.es\/index.php\/wp-json\/wp\/v2\/pages\/15\/revisions\/31"}],"wp:attachment":[{"href":"https:\/\/gam.webs.upv.es\/index.php\/wp-json\/wp\/v2\/media?parent=15"}],"curies":[{"name":"wp","href":"https:\/\/api.w.org\/{rel}","templated":true}]}}